{"id":9114,"date":"2018-07-24T18:18:43","date_gmt":"2018-07-24T16:18:43","guid":{"rendered":"http:\/\/ford-sachsen.de\/html\/page\/?page_id=9114"},"modified":"2018-08-07T11:59:58","modified_gmt":"2018-08-07T09:59:58","slug":"autovermietung-chemnitz-sued","status":"publish","type":"page","link":"https:\/\/ford-sachsen.de\/html\/page\/mobil\/chemnitz-sued\/autovermietung-chemnitz-sued\/","title":{"rendered":"Autovermietung-Chemnitz Sued"},"content":{"rendered":"<p><script>\/\/ <![CDATA[\nwindow.onload=function(){\n\tvar tfrow = document.getElementById('tfhover').rows.length;\n\tvar tbRow=[];\n\tfor (var i=1;i<tfrow;i++) { tbRow[i]=document.getElementById('tfhover').rows[i]; tbRow[i].onmouseover = function(){ this.style.backgroundColor = '#ffffff'; }; tbRow[i].onmouseout = function() { this.style.backgroundColor = '#cdcdcd'; }; } }; \/\/ ]]><\/script><\/p>\n<div id=\"verma\">\n<div id=\"verma_0\"><\/div>\n<div id=\"verma_1\" style=\"text-align: left;\">\n<p><a href=\"http:\/\/ford-sachsen.de\/html\/page\/wp-content\/uploads\/2014\/05\/fhd.jpg\"><img decoding=\"async\" class=\"size-medium wp-image-1703 alignright\" src=\"http:\/\/ford-sachsen.de\/html\/page\/wp-content\/uploads\/2014\/05\/fhd-300x109.jpg\" alt=\"fhd\" width=\"300\" height=\"109\" srcset=\"https:\/\/ford-sachsen.de\/html\/page\/wp-content\/uploads\/2014\/05\/fhd-300x109.jpg 300w, https:\/\/ford-sachsen.de\/html\/page\/wp-content\/uploads\/2014\/05\/fhd.jpg 355w\" sizes=\"(max-width: 300px) 100vw, 300px\" \/><\/a> Unsere Autovermietung deckt Ihre individuellen Mobilit\u00e4tsw\u00fcnsche ab \u2013 unabh\u00e4nig von Ihrem Werkstattaufenthalt. Dabei k\u00f6nnen wir auf einen gro\u00dfz\u00fcgigen Fuhrpark zugreifen. &#8211; vom Ford KA bis zum Ford Transit. Wir bieten Ihnen unter anderem:<\/p>\n<ul>\n<li>Tages- und Wochenvermietungen<\/li>\n<li>Wochenend- und Ausflugsvermietungen<\/li>\n<li>Langzeitvermietung an Firmen und Privatkunden<\/li>\n<li>Umzugs- und Transport Angebote<\/li>\n<\/ul>\n<p>Bei allen Fahrzeugen handelt es sich um aktuelle Modelle, die einer st\u00e4ndigen Pflege und Wartung unserer Fachwerkstatt unterliegen. Je nach Anlass kalkulieren wir Ihnen Ihr individuelles Vermietungsangebot \u2013 auf Wunsch inkl. Versicherung und Serviceleistungen.<\/p>\n<h3>Normaltarif<\/h3>\n<div class=\"table-container\">\n<table  class=\" table table-hover\"  width=\"50%\">\n<tbody>\n<tr>\n<th width=\"30%\">Fahrzeugtyp<\/th>\n<th width=\"10%\">Mietpreis 1-2 Tage pro Tag<\/th>\n<th width=\"10%\">Wochenend- pauschale<\/th>\n<th width=\"20%\"> <\/th>\n<th width=\"30%\"> <\/th>\n<\/tr>\n<tr>\n<td>Ka 1.2 Ambiente\/Trend; Fiesta 1,25 Ambiente 3-t\u00fcrig 44kW;<\/td>\n<td>87,-\u00a0\u20ac<\/td>\n<td>189,-\u00a0\u20ac<\/td>\n<td> <\/td>\n<td> <\/td>\n<\/tr>\n<tr>\n<td>Ka\u00a01.2 Titanium; Fiesta 1,25 Trend 3-t\u00fcrig 44 kW;<\/td>\n<td>95,- \u20ac<\/td>\n<td>199,- \u20ac<\/td>\n<td> <\/td>\n<td> <\/td>\n<\/tr>\n<tr>\n<td>Fiesta 1.25 Sync\/Trend 5-t\u00fcrig;<\/td>\n<td>98,-\u00a0\u20ac<\/td>\n<td>209,- \u20ac<\/td>\n<td> <\/td>\n<td> <\/td>\n<\/tr>\n<tr>\n<td>Fiesta1.0 Sync\/Titanium 5-t\u00fcrig; B-Max 1.4 LPG Trend &amp; 1.5 TDCI Ambiente; Focus 1.6 TI-VCT Ambiente 5-t\u00fcrig; C-Max 1.0 EcoBoost Ambiente;<\/td>\n<td>106,-\u00a0\u20ac<\/td>\n<td>215,- \u20ac<\/td>\n<td> <\/td>\n<td> <\/td>\n<\/tr>\n<tr>\n<td>Fiesta 1.0 EB Powershift Individual; B-Max 1.5 TDCI Sync; Alle Eco Sport; Focus 1.0 EB Trend 5-t\u00fcrig; Grand C-Max 1.0 Ambiente;<\/td>\n<td>112,-\u00a0\u20ac<\/td>\n<td>219,- \u20ac<\/td>\n<td> <\/td>\n<td> <\/td>\n<\/tr>\n<tr>\n<td>Focus 2.0 EB ST; C-Max 1.0 EcoBoost Titanium (auch Grand); Mondeo 1.5 EB Trend 5-t\u00fcrig; Kuga 1.6 EcoBoost 2&#215;4 Trend;<\/td>\n<td>128,-\u00a0\u20ac<\/td>\n<td>240,- \u20ac<\/td>\n<td> <\/td>\n<td> <\/td>\n<\/tr>\n<tr>\n<td>Focus 2.0 EB LS 5-t\u00fcrig Grand; C-Max 2.0 TDCI Titanium; Kuga 1.6 EB 2&#215;4 Individual; Mondeo 1.6 TDCI Trend 5-t\u00fcrig; S-Max 1,6 EB Trend &#8211; 2.0 TDCI Titanium; Galaxy 1.6 EB Trend;<\/td>\n<td>148,-\u00a0\u20ac<\/td>\n<td>282,- \u20ac<\/td>\n<td> <\/td>\n<td> <\/td>\n<\/tr>\n<tr>\n<td>Mondeo 2.0 EB Automatik Titanium 5-t\u00fcrig; Kuga 2.0 EB 4&#215;4 Individual; S-Max 1.6 EB Titanium X &amp; S\/2.0 TDCI Automatik Titanium S; Galaxy 2.0 EB Titanium;<\/td>\n<td>179,- \u20ac<\/td>\n<td>381,- \u20ac<\/td>\n<td> <\/td>\n<td> <\/td>\n<\/tr>\n<tr>\n<td>Ford Transit FT 260 K TDCI; FT 300 K TDE<\/td>\n<td>128,- \u20ac<\/td>\n<td>240,- \u20ac<\/td>\n<td> <\/td>\n<td> <\/td>\n<\/tr>\n<tr>\n<td>Ford Transit FT 280 K TDCI; FT 280 M TDCI; FT 300 M TDCI;<\/td>\n<td>148,- \u20ac<\/td>\n<td>282,- \u20ac<\/td>\n<td> <\/td>\n<td> <\/td>\n<\/tr>\n<tr>\n<td>Ford Transit Tourneo TDCI; FT 330 K TDCI; FT 350 L TDCI;<\/td>\n<td>179,- \u20ac<\/td>\n<td>381,- \u20ac<\/td>\n<td> <\/td>\n<td> <\/td>\n<\/tr>\n<\/tbody>\n<\/table>\n<\/div>\n<div class=\"table-container\">\n<table  class=\" table table-hover\"  width=\"50%\">\n<tbody>\n<tr>\n<th width=\"30%\">Fahrzeugtyp<\/th>\n<th width=\"10%\">Mietpreis 3\u00a0Tage pauschal<\/th>\n<th width=\"10%\">Mietpreis 7 Tage pauschal<\/th>\n<th width=\"20%\"> <\/th>\n<th width=\"30%\"> <\/th>\n<\/tr>\n<tr>\n<td>Ka 1.2 Ambiente\/Trend; Fiesta 1,25 Ambiente 3-t\u00fcrig 44kW;<\/td>\n<td>243,- \u20ac<\/td>\n<td>476,-\u00a0\u20ac<\/td>\n<td> <\/td>\n<td> <\/td>\n<\/tr>\n<tr>\n<td>Ka\u00a01.2 Titanium; Fiesta 1,25 Trend 3-t\u00fcrig 44 kW;<\/td>\n<td>276,- \u20ac<\/td>\n<td>544,- \u20ac<\/td>\n<td> <\/td>\n<td> <\/td>\n<\/tr>\n<tr>\n<td>Fiesta 1.25 Sync\/Trend 5-t\u00fcrig;<\/td>\n<td>280,-\u00a0\u20ac<\/td>\n<td>544,-\u00a0\u20ac<\/td>\n<td> <\/td>\n<td> <\/td>\n<\/tr>\n<tr>\n<td>Fiesta1.0 Sync\/Titanium 5-t\u00fcrig; B-Max 1.4 LPG Trend &amp; 1.5 TDCI Ambiente; Focus 1.6 TI-VCT Ambiente 5-t\u00fcrig; C-Max 1.0 EcoBoost Ambiente;<\/td>\n<td>302,-\u00a0\u20ac<\/td>\n<td>586,-\u00a0\u20ac<\/td>\n<td> <\/td>\n<td> <\/td>\n<\/tr>\n<tr>\n<td>Fiesta 1.0 EB Powershift Individual; B-Max 1.5 TDCI Sync; Alle Eco Sport; Focus 1.0 EB Trend 5-t\u00fcrig; Grand C-Max 1.0 Ambiente;<\/td>\n<td>320,-\u00a0\u20ac<\/td>\n<td>630,-\u00a0\u20ac<\/td>\n<td> <\/td>\n<td> <\/td>\n<\/tr>\n<tr>\n<td>Focus 2.0 EB ST; C-Max 1.0 EcoBoost Titanium (auch Grand); Mondeo 1.5 EB Trend 5-t\u00fcrig; Kuga 1.6 EcoBoost 2&#215;4 Trend;<\/td>\n<td>367,-\u00a0\u20ac<\/td>\n<td>702,-\u00a0\u20ac<\/td>\n<td> <\/td>\n<td> <\/td>\n<\/tr>\n<tr>\n<td>Focus 2.0 EB LS 5-t\u00fcrig Grand; C-Max 2.0 TDCI Titanium; Kuga 1.6 EB 2&#215;4 Individual; Mondeo 1.6 TDCI Trend 5-t\u00fcrig; S-Max 1,6 EB Trend &#8211; 2.0 TDCI Titanium; Galaxy 1.6 EB Trend;<\/td>\n<td>425,-\u00a0\u20ac<\/td>\n<td>806,-\u00a0\u20ac<\/td>\n<td> <\/td>\n<td> <\/td>\n<\/tr>\n<tr>\n<td>Mondeo 2.0 EB Automatik Titanium 5-t\u00fcrig; Kuga 2.0 EB 4&#215;4 Individual; S-Max 1.6 EB Titanium X &amp; S\/2.0 TDCI Automatik Titanium S; Galaxy 2.0 EB Titanium;<\/td>\n<td>514,- \u20ac<\/td>\n<td>983,- \u20ac<\/td>\n<td> <\/td>\n<td> <\/td>\n<\/tr>\n<tr>\n<td>Ford Transit FT 260 K TDCI; FT 300 K TDE<\/td>\n<td>367,- \u20ac<\/td>\n<td>702,- \u20ac<\/td>\n<td> <\/td>\n<td> <\/td>\n<\/tr>\n<tr>\n<td>Ford Transit FT 280 K TDCI; FT 280 M TDCI; FT 300 M TDCI;<\/td>\n<td>425,- \u20ac<\/td>\n<td>806,- \u20ac<\/td>\n<td> <\/td>\n<td> <\/td>\n<\/tr>\n<tr>\n<td>Ford Transit Tourneo TDCI; FT 330 K TDCI; FT 350 L TDCI;<\/td>\n<td>514,- \u20ac<\/td>\n<td>983,- \u20ac<\/td>\n<td> <\/td>\n<td> <\/td>\n<\/tr>\n<\/tbody>\n<\/table>\n<p>01. Die Berechnung der Miettage erfolgt pro angefangene 24 Stunden (Karenz = 1 Stunde).<br \/>\n02. Fahrzeuggruppeneinteilung erfolgt nach der aktuellen Schwackeliste Automietwagenklassen.<br \/>\n03. Im Mietpreis sind alle Kilometer sowie die Haftungsreduzierung auf 2000,00\u20ac enthalten.<br \/>\n04. Vorreservierung 48 Stunden vor Mietbeginn erforderlich.<br \/>\n05. Wochenende &#8211; Freitag 12:00 Uhr bis Montag 09:00 Uhr<\/p>\n<h3>Mietwagenpreise f\u00fcr Gewerbetreibende PKW<\/h3>\n<table  class=\" table table-hover\" >\n<tbody>\n<tr>\n<th width=\"30%\">Fahrzeugtyp<\/th>\n<th width=\"10%\">Mietpreis 1-2 Tage pro Tag<\/th>\n<th width=\"10%\">Wochenend- pauschale<\/th>\n<th width=\"20%\"> <\/th>\n<th width=\"30%\"> <\/th>\n<\/tr>\n<tr>\n<td>Ford Ka<\/td>\n<td>34,-\u00a0\u20ac<\/td>\n<td>68,-\u00a0\u20ac<\/td>\n<td> <\/td>\n<td> <\/td>\n<\/tr>\n<tr>\n<td>Ford Fiesta<\/td>\n<td>39,-\u00a0\u20ac<\/td>\n<td>78,- \u20ac<\/td>\n<td> <\/td>\n<td> <\/td>\n<\/tr>\n<tr>\n<td>Ford Fusion\u00a0\/ B-Max<\/td>\n<td>39,-\u00a0\u20ac<\/td>\n<td>78,- \u20ac<\/td>\n<td><\/td>\n<td> <\/td>\n<\/tr>\n<tr>\n<td>Ford Focus<\/td>\n<td>49,-\u00a0\u20ac<\/td>\n<td>99,- \u20ac<\/td>\n<td> <\/td>\n<td> <\/td>\n<\/tr>\n<tr>\n<td>Ford C-Max<\/td>\n<td>49,-\u00a0\u20ac<\/td>\n<td>99,- \u20ac<\/td>\n<td> <\/td>\n<td> <\/td>\n<\/tr>\n<tr>\n<td>Ford Mondeo ,\u00a0Kuga<\/td>\n<td>61,-\u00a0\u20ac<\/td>\n<td>124,- \u20ac<\/td>\n<td> <\/td>\n<td> <\/td>\n<\/tr>\n<tr>\n<td>Ford\u00a0S-Max<\/td>\n<td>75,- \u20ac<\/td>\n<td>150,- \u20ac<\/td>\n<td> <\/td>\n<td> <\/td>\n<\/tr>\n<tr>\n<td>Ford\u00a0Galaxy<\/td>\n<td>75,- \u20ac<\/td>\n<td>154,- \u20ac<\/td>\n<td> <\/td>\n<td> <\/td>\n<\/tr>\n<\/tbody>\n<\/table>\n<table  class=\" table table-hover\" >\n<tbody>\n<tr>\n<th width=\"30%\">Fahrzeugtyp<\/th>\n<th width=\"10%\">Mietpreis 3\u00a0Tage pauschal<\/th>\n<th width=\"10%\">Mietpreis 7 Tage pauschal<\/th>\n<th width=\"20%\"> <\/th>\n<th width=\"30%\"> <\/th>\n<\/tr>\n<tr>\n<td>Ford Ka<\/td>\n<td>170,- \u20ac<\/td>\n<td>425,-\u00a0\u20ac<\/td>\n<td> <\/td>\n<td> <\/td>\n<\/tr>\n<tr>\n<td>Ford Fiesta<\/td>\n<td>195,-\u00a0\u20ac<\/td>\n<td>487,50 \u20ac<\/td>\n<td> <\/td>\n<td> <\/td>\n<\/tr>\n<tr>\n<td>Ford Fusion\u00a0\/ B-Max<\/td>\n<td>195,-\u00a0\u20ac<\/td>\n<td>487,50\u00a0\u20ac<\/td>\n<td> <\/td>\n<td> <\/td>\n<\/tr>\n<tr>\n<td>Ford Focus<\/td>\n<td>245,-\u00a0\u20ac<\/td>\n<td>612,50\u00a0\u20ac<\/td>\n<td> <\/td>\n<td> <\/td>\n<\/tr>\n<tr>\n<td>Ford C-Max<\/td>\n<td>245,-\u00a0\u20ac<\/td>\n<td>612,50\u00a0\u20ac<\/td>\n<td> <\/td>\n<td> <\/td>\n<\/tr>\n<tr>\n<td>Ford Mondeo ,\u00a0Kuga<\/td>\n<td>305,-\u00a0\u20ac<\/td>\n<td>762,50\u00a0\u20ac<\/td>\n<td> <\/td>\n<td> <\/td>\n<\/tr>\n<tr>\n<td>Ford\u00a0S-Max<\/td>\n<td>375,- \u20ac<\/td>\n<td>937,50\u00a0\u20ac<\/td>\n<td> <\/td>\n<td> <\/td>\n<\/tr>\n<tr>\n<td>Ford\u00a0Galaxy<\/td>\n<td>375,- \u20ac<\/td>\n<td>937,50\u00a0\u20ac<\/td>\n<td> <\/td>\n<td> <\/td>\n<\/tr>\n<\/tbody>\n<\/table>\n<p>01. Die Berechnung der Miettage erfolgt pro angefangene 24 Stunden (Karenz = 1 Stunde).<br \/>\n02. Die Selbstbeteiligung bei Abschlu\u00df der Haftungsreduzierung (CDW) betr\u00e4gt 1.000,00 \u20ac.<br \/>\n03. Im Mietpreis sind alle Kilometer sowie die Haftungsreduzierung auf 2000,00\u20ac enthalten.<br \/>\n04. Im Mietpreis sind alle gefahrenen Kilometer inbegriffen, au\u00dfer Monatstarif (inkl. 3000 km)<br \/>\n05. Wochenende &#8211; Freitag 12:00 Uhr bis Montag 09:00 Uhr<br \/>\n06. Fahrzeug muss mindestens 48 Stunden vor Mietbeginn reserviert werden.<br \/>\n07. Zustellung\/ Abholung bis 10 km frei, dar\u00fcber hinaus nach Vereinbarung<\/p>\n<h3>Mietwagenpreise f\u00fcr Gewerbetreibende PKW<\/h3>\n<table  class=\" table table-hover\" >\n<tbody>\n<tr>\n<th width=\"30%\">Fahrzeugtyp<\/th>\n<th width=\"10%\">Mietpreis 1-2 Tage pro Tag<\/th>\n<th width=\"10%\">Wochenend- pauschale<\/th>\n<th width=\"20%\"> <\/th>\n<th width=\"30%\"> <\/th>\n<\/tr>\n<tr>\n<td><\/td>\n<td>inkl. 150 Km<\/td>\n<td>inkl. 450 Km<\/td>\n<td> <\/td>\n<td> <\/td>\n<\/tr>\n<tr>\n<td>Connect kurz<\/td>\n<td>44,-\u00a0\u20ac<\/td>\n<td>88,-\u00a0\u20ac<\/td>\n<td> <\/td>\n<td> <\/td>\n<\/tr>\n<tr>\n<td>Connect lang<\/td>\n<td>49,-\u00a0\u20ac<\/td>\n<td>98,- \u20ac<\/td>\n<td> <\/td>\n<td><\/td>\n<\/tr>\n<tr>\n<td>Transit Kasten<\/td>\n<td>54,-\u00a0\u20ac<\/td>\n<td>108,- \u20ac<\/td>\n<td> <\/td>\n<td> <\/td>\n<\/tr>\n<tr>\n<td>Transit 9-Sitzer<\/td>\n<td>64,-\u00a0\u20ac<\/td>\n<td>128,- \u20ac<\/td>\n<td> <\/td>\n<td> <\/td>\n<\/tr>\n<\/tbody>\n<\/table>\n<table  class=\" table table-hover\" >\n<tbody>\n<tr>\n<th width=\"30%\">Fahrzeugtyp<\/th>\n<th width=\"10%\">Mietpreis 3\u00a0Tage pauschal<\/th>\n<th width=\"10%\">Mietpreis 7 Tage pauschal<\/th>\n<th width=\"20%\"> <\/th>\n<th width=\"30%\"> <\/th>\n<\/tr>\n<tr>\n<td><\/td>\n<td>inkl. 1000 Km<\/td>\n<td>inkl. 3000 Km<\/td>\n<td> <\/td>\n<td> <\/td>\n<\/tr>\n<tr>\n<td>Connect kurz<\/td>\n<td>220,- \u20ac<\/td>\n<td>550,-\u00a0\u20ac<\/td>\n<td> <\/td>\n<td> <\/td>\n<\/tr>\n<tr>\n<td>Connect lang<\/td>\n<td>245,-\u00a0\u20ac<\/td>\n<td>612,50 \u20ac<\/td>\n<td> <\/td>\n<td> <\/td>\n<\/tr>\n<tr>\n<td>Transit Kasten<\/td>\n<td>270,-\u00a0\u20ac<\/td>\n<td>675,50\u00a0\u20ac<\/td>\n<td> <\/td>\n<td> <\/td>\n<\/tr>\n<tr>\n<td>Transit 9-Sitzer<\/td>\n<td>320,-\u00a0\u20ac<\/td>\n<td>800,- \u20ac<\/td>\n<td> <\/td>\n<td> <\/td>\n<\/tr>\n<\/tbody>\n<\/table>\n<\/div>\n<p>01.\u00a0Die Berechnung der Miettage erfolgt pro angefangene 24 Stunden. Karenz = 1 Stunde.<br \/>\n02.\u00a0Die Selbstbeteiligung bei Abschlu\u00df der Haftungsreduzierung (CDW) betr\u00e4gt 1.000,00 \u20ac<br \/>\n03.\u00a0Die Preise gelten nur in Verbindung mit einem Rahmenabkommen zwischen\u00a0dem Mieter und dem jeweiligen Lizenzpartner der FHD Mobil Autovermietung.<br \/>\n04.\u00a0Wochenende &#8211; Freitag 12:00 Uhr bis Montag 09:00 Uhr<br \/>\n05.\u00a0Fahrzeug muss mindestens 48 Stunden vor Mietbeginn reserviert werden.<br \/>\n06.\u00a0Zustellung\/ Abholung bis 10 km frei, dar\u00fcber hinaus nach Vereinbarung<\/p>\n<\/div>\n<\/div>\n","protected":false},"excerpt":{"rendered":"<p>Unsere Autovermietung deckt Ihre individuellen Mobilit\u00e4tsw\u00fcnsche ab \u2013 unabh\u00e4nig von Ihrem Werkstattaufenthalt. Dabei k\u00f6nnen wir auf einen gro\u00dfz\u00fcgigen Fuhrpark zugreifen. &#8211; vom Ford KA bis zum Ford Transit. Wir bieten Ihnen unter anderem: Tages- und Wochenvermietungen Wochenend- und Ausflugsvermietungen Langzeitvermietung an Firmen und Privatkunden Umzugs- und Transport Angebote Bei allen Fahrzeugen handelt es sich um<\/p>\n<div><a class=\"btn-filled btn\" href=\"https:\/\/ford-sachsen.de\/html\/page\/mobil\/chemnitz-sued\/autovermietung-chemnitz-sued\/\" title=\"Autovermietung-Chemnitz Sued\">Weiterlesen<\/a><\/div>\n","protected":false},"author":1,"featured_media":0,"parent":8187,"menu_order":0,"comment_status":"closed","ping_status":"closed","template":"page-templates\/sidebar-right.php","meta":{"order-bump-settings":[],"_wpfnl_thankyou_order_overview":"on","_wpfnl_thankyou_order_details":"on","_wpfnl_thankyou_billing_details":"on","_wpfnl_thankyou_shipping_details":"on","footnotes":""},"tags":[],"class_list":["post-9114","page","type-page","status-publish","hentry"],"_links":{"self":[{"href":"https:\/\/ford-sachsen.de\/html\/page\/wp-json\/wp\/v2\/pages\/9114","targetHints":{"allow":["GET"]}}],"collection":[{"href":"https:\/\/ford-sachsen.de\/html\/page\/wp-json\/wp\/v2\/pages"}],"about":[{"href":"https:\/\/ford-sachsen.de\/html\/page\/wp-json\/wp\/v2\/types\/page"}],"author":[{"embeddable":true,"href":"https:\/\/ford-sachsen.de\/html\/page\/wp-json\/wp\/v2\/users\/1"}],"replies":[{"embeddable":true,"href":"https:\/\/ford-sachsen.de\/html\/page\/wp-json\/wp\/v2\/comments?post=9114"}],"version-history":[{"count":21,"href":"https:\/\/ford-sachsen.de\/html\/page\/wp-json\/wp\/v2\/pages\/9114\/revisions"}],"predecessor-version":[{"id":28006,"href":"https:\/\/ford-sachsen.de\/html\/page\/wp-json\/wp\/v2\/pages\/9114\/revisions\/28006"}],"up":[{"embeddable":true,"href":"https:\/\/ford-sachsen.de\/html\/page\/wp-json\/wp\/v2\/pages\/8187"}],"wp:attachment":[{"href":"https:\/\/ford-sachsen.de\/html\/page\/wp-json\/wp\/v2\/media?parent=9114"}],"wp:term":[{"taxonomy":"post_tag","embeddable":true,"href":"https:\/\/ford-sachsen.de\/html\/page\/wp-json\/wp\/v2\/tags?post=9114"}],"curies":[{"name":"wp","href":"https:\/\/api.w.org\/{rel}","templated":true}]}}