{"id":854,"date":"2013-04-29T22:16:55","date_gmt":"2013-04-29T20:16:55","guid":{"rendered":"http:\/\/ford-sachsen.de\/html\/page\/?page_id=854"},"modified":"2018-06-27T00:03:24","modified_gmt":"2018-06-26T22:03:24","slug":"impressum","status":"publish","type":"page","link":"https:\/\/ford-sachsen.de\/html\/page\/chemnitz-sud\/impressum\/","title":{"rendered":"Impressum"},"content":{"rendered":"<p><strong>\u00a0\u00a0\u00a0\u00a0\u00a0\u00a0Impressum &#8211; Autohaus Pichel GmbH Chemnitz<\/strong><\/p>\n<table  class=\" table table-hover\" border=\"0\">\n<tbody>\n<tr>\n<td><b>Postanschrift:<\/b><\/td>\n<td>Autohaus Pichel GmbH Chemnitz<br \/>\nOtto-Th\u00f6rner-Str. 1<br \/>\n09127 Chemnitz<\/td>\n<\/tr>\n<tr>\n<td><b>Telefon:<\/b><\/td>\n<td>0371 77417 70<\/td>\n<\/tr>\n<tr>\n<td><b>Fax:<\/b><\/td>\n<td>0371 77417 41<\/td>\n<\/tr>\n<tr>\n<td><b>E-Mail:<\/b><\/td>\n<td>ford-chemnitz@auto-pichel.de<\/td>\n<\/tr>\n<tr>\n<td><b>Gesellschaftsform:<\/b><\/td>\n<td>GmbH<\/td>\n<\/tr>\n<tr>\n<td><b>Handelsregister:<\/b><\/td>\n<td>HRB Chemnitz 17728<\/td>\n<\/tr>\n<tr>\n<td><b>Umsatzsteuer-ID:<\/b><\/td>\n<td>DE 206 140 879<\/td>\n<\/tr>\n<tr>\n<td><b>Vertretungsberechtigt<br \/>\ngem\u00e4\u00df HR Eintrag:<\/b><\/td>\n<td>Frau Christina Pichel-K\u00fcnstler, Gesch\u00e4ftsf\u00fchrerin, Herr J\u00fcrgen K\u00fcnstler, Gesch\u00e4ftsf\u00fchrer, Herr Philipp Pichel, Prokurist<\/td>\n<\/tr>\n<tr>\n<td><b>Registrierter<br \/>\nVersicherungsvermittler:<\/b><\/td>\n<td>Versicherungsvertreter mit Erlaubnis nach \u00a7 34d Abs. 1GewO, Bundesrepublik DeutschlandRegistrierungsnummer:D-AY92-HUWQG-13 \/ IHK Chemnitz<br \/>\nVersicherungsvermittlerregister (Gemeinsame Registerstelle gem. \u00a7 11a Abs. 1 GewO):<\/p>\n<p>DIHK | Deutscher Industrie- und Handelskammertag e.V.<br \/>\nBreite Stra\u00dfe 29<br \/>\nD-10178 Berlin<br \/>\nTelefon: 0180 600 58 50 (Festnetzpreis 0,20\/Anruf; Mobilfunkpreis maximal 0,60\u20ac\/Anruf<br \/>\nE-Mail <a href=\"mailto:infocenter@berlin.dihk.de\">infocenter@berlin.dihk.de <\/a><br \/>\n<a href=\"http:\/\/www.vermittlerregister.info\">www.vermittlerregister.info<\/a><\/td>\n<\/tr>\n<tr>\n<td><b>Verbraucherstreitbeilegungsgesetz:<\/b><\/td>\n<td>Hinweis gem\u00e4\u00df \u00a7 36 Verbraucherstreitbeilegungsgesetz (VSBG)Der Verk\u00e4ufer\/Auftragnehmer wird nicht an einem Streitbeilegungsverfahren vor einer Verbraucherschlichtungsstelle im Sinne des VSBG teilnehmen und ist hierzu auch nicht verpflichtet.<br \/>\nVerbraucherinformation gem\u00e4\u00df Artikel 14 Abs. 1 der Verordnung (EU) Nr. 524\/2013: Im Rahmen der Verordnung \u00fcber Online-Streitbeilegung in Verbraucherangelegenheiten steht Ihnen unter <a href=\"http:\/\/ec.europa.eu\/consumers\/odr\/\">http:\/\/ec.europa.eu\/consumers\/odr\/<\/a> eine Online-Streitbeilegungsplattform der EU Kommission zur Verf\u00fcgung.<br \/>\nUnsere E-Mailadresse lautet: <a href=\"mailto:ford-chemnitz@auto-pichel.de\">ford-chemnitz@auto-pichel.de<\/a>\n<\/td>\n<\/tr>\n<\/tbody>\n<\/table>\n","protected":false},"excerpt":{"rendered":"<p>\u00a0\u00a0\u00a0\u00a0\u00a0\u00a0Impressum &#8211; Autohaus Pichel GmbH Chemnitz Postanschrift: Autohaus Pichel GmbH Chemnitz Otto-Th\u00f6rner-Str. 1 09127 Chemnitz Telefon: 0371 77417 70 Fax: 0371 77417 41 E-Mail: ford-chemnitz@auto-pichel.de Gesellschaftsform: GmbH Handelsregister: HRB Chemnitz 17728 Umsatzsteuer-ID: DE 206 140 879 Vertretungsberechtigt gem\u00e4\u00df HR Eintrag: Frau Christina Pichel-K\u00fcnstler, Gesch\u00e4ftsf\u00fchrerin, Herr J\u00fcrgen K\u00fcnstler, Gesch\u00e4ftsf\u00fchrer, Herr Philipp Pichel, Prokurist Registrierter Versicherungsvermittler: Versicherungsvertreter<\/p>\n<div><a class=\"btn-filled btn\" href=\"https:\/\/ford-sachsen.de\/html\/page\/chemnitz-sud\/impressum\/\" title=\"Impressum\">Weiterlesen<\/a><\/div>\n","protected":false},"author":1,"featured_media":0,"parent":28,"menu_order":0,"comment_status":"closed","ping_status":"open","template":"page-templates\/sidebar-left.php","meta":{"order-bump-settings":[],"_wpfnl_thankyou_order_overview":"on","_wpfnl_thankyou_order_details":"on","_wpfnl_thankyou_billing_details":"on","_wpfnl_thankyou_shipping_details":"on","footnotes":""},"tags":[],"class_list":["post-854","page","type-page","status-publish","hentry"],"_links":{"self":[{"href":"https:\/\/ford-sachsen.de\/html\/page\/wp-json\/wp\/v2\/pages\/854","targetHints":{"allow":["GET"]}}],"collection":[{"href":"https:\/\/ford-sachsen.de\/html\/page\/wp-json\/wp\/v2\/pages"}],"about":[{"href":"https:\/\/ford-sachsen.de\/html\/page\/wp-json\/wp\/v2\/types\/page"}],"author":[{"embeddable":true,"href":"https:\/\/ford-sachsen.de\/html\/page\/wp-json\/wp\/v2\/users\/1"}],"replies":[{"embeddable":true,"href":"https:\/\/ford-sachsen.de\/html\/page\/wp-json\/wp\/v2\/comments?post=854"}],"version-history":[{"count":8,"href":"https:\/\/ford-sachsen.de\/html\/page\/wp-json\/wp\/v2\/pages\/854\/revisions"}],"predecessor-version":[{"id":2404,"href":"https:\/\/ford-sachsen.de\/html\/page\/wp-json\/wp\/v2\/pages\/854\/revisions\/2404"}],"up":[{"embeddable":true,"href":"https:\/\/ford-sachsen.de\/html\/page\/wp-json\/wp\/v2\/pages\/28"}],"wp:attachment":[{"href":"https:\/\/ford-sachsen.de\/html\/page\/wp-json\/wp\/v2\/media?parent=854"}],"wp:term":[{"taxonomy":"post_tag","embeddable":true,"href":"https:\/\/ford-sachsen.de\/html\/page\/wp-json\/wp\/v2\/tags?post=854"}],"curies":[{"name":"wp","href":"https:\/\/api.w.org\/{rel}","templated":true}]}}