{"id":8184,"date":"2018-07-19T17:13:07","date_gmt":"2018-07-19T15:13:07","guid":{"rendered":"http:\/\/ford-sachsen.de\/html\/page\/?page_id=8184"},"modified":"2022-06-16T22:14:49","modified_gmt":"2022-06-16T20:14:49","slug":"hartmannsdorf","status":"publish","type":"page","link":"https:\/\/ford-sachsen.de\/html\/page\/mobil\/hartmannsdorf\/","title":{"rendered":"Hartmannsdorf"},"content":{"rendered":"<div class=\"flagallery nivogallery_skin\" id=\"FlaGallery_sc1_3\" ><style type=\"text\/css\" scoped=\"scoped\">@import url('https:\/\/ford-sachsen.de\/html\/page\/wp-content\/plugins\/flash-album-gallery\/assets\/nivoslider\/themes\/default\/default.css') all;<\/style><div class=\"slider-wrapper theme-default\" style=\"position: relative;\"> <div class=\"ribbon\"><\/div> <div class=\"flagallery_nivoSlider\" data-settings=\"{&quot;theme&quot;:&quot;default&quot;,&quot;effect&quot;:&quot;random&quot;,&quot;slices&quot;:&quot;15&quot;,&quot;animSpeed&quot;:&quot;500&quot;,&quot;pauseTime&quot;:&quot;5000&quot;,&quot;startSlide&quot;:&quot;0&quot;,&quot;pauseOnHover&quot;:&quot;1&quot;,&quot;directionNav&quot;:&quot;1&quot;,&quot;controlNav&quot;:&quot;1&quot;,&quot;linkTarget&quot;:&quot;0&quot;,&quot;randomStart&quot;:&quot;0&quot;,&quot;key&quot;:&quot;d03636217bb3d58b1dde922547bbc835&quot;,&quot;name&quot;:&quot;GRANDPack&quot;,&quot;boxCols&quot;:8,&quot;boxRows&quot;:4,&quot;prevText&quot;:&quot;Prev&quot;,&quot;nextText&quot;:&quot;Next&quot;}\"> <img decoding=\"async\" class=\"noLazy\" alt=\"Titel\" src=\"https:\/\/ford-sachsen.de\/html\/page\/wp-content\/flagallery\/hartmannsdorf\/webview\/211019_13_autohaus.jpg\"\/><img decoding=\"async\" class=\"noLazy\" alt=\"Titel\" src=\"https:\/\/ford-sachsen.de\/html\/page\/wp-content\/flagallery\/hartmannsdorf\/webview\/211019_14_autohaus.jpg\"\/><img decoding=\"async\" class=\"noLazy\" alt=\"\" src=\"https:\/\/ford-sachsen.de\/html\/page\/wp-content\/flagallery\/hartmannsdorf\/webview\/20200612-autohaus-pichel_gruppe-05-2020.jpg\"\/><img decoding=\"async\" class=\"noLazy\" alt=\"Titel\" src=\"https:\/\/ford-sachsen.de\/html\/page\/wp-content\/flagallery\/hartmannsdorf\/webview\/211019_16_autohaus2.jpg\"\/><img decoding=\"async\" class=\"noLazy\" alt=\"Titel\" src=\"https:\/\/ford-sachsen.de\/html\/page\/wp-content\/flagallery\/hartmannsdorf\/webview\/211019_11_autohaus2.jpg\"\/><img decoding=\"async\" class=\"noLazy\" alt=\"\" src=\"https:\/\/ford-sachsen.de\/html\/page\/wp-content\/flagallery\/hartmannsdorf\/webview\/ah_pichel_5875.jpg\"\/> <\/div><\/div><\/div><noscript id=\"noscript_FlaGallery_sc1_3\"><a href=\"https:\/\/ford-sachsen.de\/html\/page\/wp-content\/flagallery\/hartmannsdorf\/211019_13_autohaus.jpg\"><img class=\"skip-lazy no-lazyload noLazy\" data-lazy-src=\"\" src =\"https:\/\/ford-sachsen.de\/html\/page\/wp-content\/flagallery\/hartmannsdorf\/211019_13_autohaus.jpg\" alt=\"Titel\" \/><\/a><a href=\"https:\/\/ford-sachsen.de\/html\/page\/wp-content\/flagallery\/hartmannsdorf\/211019_14_autohaus.jpg\"><img class=\"skip-lazy no-lazyload noLazy\" data-lazy-src=\"\" src =\"https:\/\/ford-sachsen.de\/html\/page\/wp-content\/flagallery\/hartmannsdorf\/211019_14_autohaus.jpg\" alt=\"Titel\" \/><\/a><a href=\"https:\/\/ford-sachsen.de\/html\/page\/wp-content\/flagallery\/hartmannsdorf\/20200612-autohaus-pichel_gruppe-05-2020.jpg\"><img class=\"skip-lazy no-lazyload noLazy\" data-lazy-src=\"\" src =\"https:\/\/ford-sachsen.de\/html\/page\/wp-content\/flagallery\/hartmannsdorf\/20200612-autohaus-pichel_gruppe-05-2020.jpg\" alt=\"\" \/><\/a><a href=\"https:\/\/ford-sachsen.de\/html\/page\/wp-content\/flagallery\/hartmannsdorf\/211019_16_autohaus2.jpg\"><img class=\"skip-lazy no-lazyload noLazy\" data-lazy-src=\"\" src =\"https:\/\/ford-sachsen.de\/html\/page\/wp-content\/flagallery\/hartmannsdorf\/211019_16_autohaus2.jpg\" alt=\"Titel\" \/><\/a><a href=\"https:\/\/ford-sachsen.de\/html\/page\/wp-content\/flagallery\/hartmannsdorf\/211019_11_autohaus2.jpg\"><img class=\"skip-lazy no-lazyload noLazy\" data-lazy-src=\"\" src =\"https:\/\/ford-sachsen.de\/html\/page\/wp-content\/flagallery\/hartmannsdorf\/211019_11_autohaus2.jpg\" alt=\"Titel\" \/><\/a><a href=\"https:\/\/ford-sachsen.de\/html\/page\/wp-content\/flagallery\/hartmannsdorf\/ah_pichel_5875.jpg\"><img class=\"skip-lazy no-lazyload noLazy\" data-lazy-src=\"\" src =\"https:\/\/ford-sachsen.de\/html\/page\/wp-content\/flagallery\/hartmannsdorf\/ah_pichel_5875.jpg\" alt=\"\" \/><\/a><\/noscript>\n\n\n<figure class=\"wp-block-image size-full\"><a href=\"https:\/\/local.google.com\/place?id=6383180899145527716&amp;use=posts&amp;lpsid=CIHM0ogKEICAgICOrb2ihAE\" target=\"_blank\" rel=\"noopener\"><img fetchpriority=\"high\" decoding=\"async\" width=\"852\" height=\"601\" src=\"https:\/\/ford-sachsen.de\/html\/page\/wp-content\/uploads\/2022\/06\/10Wohnmobiel_H-Kopie.jpg\" alt=\"\" class=\"wp-image-1964834\" srcset=\"https:\/\/ford-sachsen.de\/html\/page\/wp-content\/uploads\/2022\/06\/10Wohnmobiel_H-Kopie.jpg 852w, https:\/\/ford-sachsen.de\/html\/page\/wp-content\/uploads\/2022\/06\/10Wohnmobiel_H-Kopie-300x212.jpg 300w, https:\/\/ford-sachsen.de\/html\/page\/wp-content\/uploads\/2022\/06\/10Wohnmobiel_H-Kopie-768x542.jpg 768w\" sizes=\"(max-width: 852px) 100vw, 852px\" \/><\/a><\/figure>\n\n\n\n<div class=\"wp-block-media-text alignfull is-stacked-on-mobile is-vertically-aligned-top\" style=\"grid-template-columns:40% auto\"><figure class=\"wp-block-media-text__media\"><img decoding=\"async\" width=\"233\" height=\"60\" src=\"https:\/\/ford-sachsen.de\/html\/page\/wp-content\/uploads\/2022\/03\/image002.png\" alt=\"\" class=\"wp-image-1699954 size-full\"\/><\/figure><div class=\"wp-block-media-text__content\">\n<p class=\"has-text-align-center has-small-font-size\"><br>z. Z. absolvieren unsere Mitarbeiter eine Weiterbildung ,<br>welche durch F\u00f6rderung unterst\u00fctzt wird: Finanziert aus<br>Mitteln der Europ\u00e4ischen Union und des Freistaates Sachsen.<\/p>\n<\/div><\/div>\n","protected":false},"excerpt":{"rendered":"<p>z. Z. absolvieren unsere Mitarbeiter eine Weiterbildung ,welche durch F\u00f6rderung unterst\u00fctzt wird: Finanziert ausMitteln der Europ\u00e4ischen Union und des Freistaates Sachsen.<\/p>\n","protected":false},"author":1,"featured_media":0,"parent":2986,"menu_order":0,"comment_status":"closed","ping_status":"closed","template":"page-templates\/sidebar-right.php","meta":{"order-bump-settings":[],"_wpfnl_thankyou_order_overview":"on","_wpfnl_thankyou_order_details":"on","_wpfnl_thankyou_billing_details":"on","_wpfnl_thankyou_shipping_details":"on","footnotes":""},"tags":[],"class_list":["post-8184","page","type-page","status-publish","hentry"],"_links":{"self":[{"href":"https:\/\/ford-sachsen.de\/html\/page\/wp-json\/wp\/v2\/pages\/8184","targetHints":{"allow":["GET"]}}],"collection":[{"href":"https:\/\/ford-sachsen.de\/html\/page\/wp-json\/wp\/v2\/pages"}],"about":[{"href":"https:\/\/ford-sachsen.de\/html\/page\/wp-json\/wp\/v2\/types\/page"}],"author":[{"embeddable":true,"href":"https:\/\/ford-sachsen.de\/html\/page\/wp-json\/wp\/v2\/users\/1"}],"replies":[{"embeddable":true,"href":"https:\/\/ford-sachsen.de\/html\/page\/wp-json\/wp\/v2\/comments?post=8184"}],"version-history":[{"count":6,"href":"https:\/\/ford-sachsen.de\/html\/page\/wp-json\/wp\/v2\/pages\/8184\/revisions"}],"predecessor-version":[{"id":1964837,"href":"https:\/\/ford-sachsen.de\/html\/page\/wp-json\/wp\/v2\/pages\/8184\/revisions\/1964837"}],"up":[{"embeddable":true,"href":"https:\/\/ford-sachsen.de\/html\/page\/wp-json\/wp\/v2\/pages\/2986"}],"wp:attachment":[{"href":"https:\/\/ford-sachsen.de\/html\/page\/wp-json\/wp\/v2\/media?parent=8184"}],"wp:term":[{"taxonomy":"post_tag","embeddable":true,"href":"https:\/\/ford-sachsen.de\/html\/page\/wp-json\/wp\/v2\/tags?post=8184"}],"curies":[{"name":"wp","href":"https:\/\/api.w.org\/{rel}","templated":true}]}}