{"id":4667273,"date":"2026-01-13T21:27:23","date_gmt":"2026-01-13T19:27:23","guid":{"rendered":"https:\/\/ford-sachsen.de\/html\/page\/?page_id=4667273"},"modified":"2026-01-13T22:26:13","modified_gmt":"2026-01-13T20:26:13","slug":"jaecoo-7-phev","status":"publish","type":"page","link":"https:\/\/ford-sachsen.de\/html\/page\/omoda-jaecoo-burgstaedt\/jaecoo-7-phev\/","title":{"rendered":"JAECOO 7 PHEV"},"content":{"rendered":"\t\t<div data-elementor-type=\"wp-page\" data-elementor-id=\"4667273\" class=\"elementor elementor-4667273\">\n\t\t\t\t\t\t<section class=\"elementor-section elementor-top-section elementor-element elementor-element-7044b85 elementor-section-boxed elementor-section-height-default elementor-section-height-default\" data-id=\"7044b85\" data-element_type=\"section\">\n\t\t\t\t\t\t<div class=\"elementor-container elementor-column-gap-default\">\n\t\t\t\t\t<div class=\"elementor-column elementor-col-100 elementor-top-column elementor-element elementor-element-fbdd8a0\" data-id=\"fbdd8a0\" data-element_type=\"column\">\n\t\t\t<div class=\"elementor-widget-wrap elementor-element-populated\">\n\t\t\t\t\t\t<div class=\"elementor-element elementor-element-92cf7fb elementor-widget elementor-widget-heading\" data-id=\"92cf7fb\" data-element_type=\"widget\" data-widget_type=\"heading.default\">\n\t\t\t\t<div class=\"elementor-widget-container\">\n\t\t\t\t\t<h2 class=\"elementor-heading-title elementor-size-default\">Jaecoo 7 PHEV \u2013 Plug-in Hybrid-SUV bei Autohaus Pichel in Burgst\u00e4dt<\/h2>\t\t\t\t<\/div>\n\t\t\t\t<\/div>\n\t\t\t\t<div class=\"elementor-element elementor-element-939fb65 elementor-widget elementor-widget-text-editor\" data-id=\"939fb65\" data-element_type=\"widget\" data-widget_type=\"text-editor.default\">\n\t\t\t\t<div class=\"elementor-widget-container\">\n\t\t\t\t\t\t\t\t\t<p><div class=\"flagallery nivogallery_skin\" id=\"FlaGallery_sc1_17\" style='width:100%;'><style type=\"text\/css\" scoped=\"scoped\">@import url('https:\/\/ford-sachsen.de\/html\/page\/wp-content\/plugins\/flash-album-gallery\/assets\/nivoslider\/themes\/default\/default.css') all;<\/style><div class=\"slider-wrapper theme-default\" style=\"position: relative;\"> <div class=\"ribbon\"><\/div> <div class=\"flagallery_nivoSlider\" data-settings=\"{&quot;theme&quot;:&quot;default&quot;,&quot;effect&quot;:&quot;random&quot;,&quot;slices&quot;:&quot;15&quot;,&quot;animSpeed&quot;:&quot;500&quot;,&quot;pauseTime&quot;:&quot;5000&quot;,&quot;startSlide&quot;:&quot;0&quot;,&quot;pauseOnHover&quot;:&quot;1&quot;,&quot;directionNav&quot;:&quot;1&quot;,&quot;controlNav&quot;:&quot;1&quot;,&quot;linkTarget&quot;:&quot;0&quot;,&quot;randomStart&quot;:&quot;0&quot;,&quot;key&quot;:&quot;d03636217bb3d58b1dde922547bbc835&quot;,&quot;name&quot;:&quot;GRANDPack&quot;,&quot;boxCols&quot;:8,&quot;boxRows&quot;:4,&quot;prevText&quot;:&quot;Prev&quot;,&quot;nextText&quot;:&quot;Next&quot;}\"> <img decoding=\"async\" class=\"noLazy\" alt=\"\" src=\"https:\/\/ford-sachsen.de\/html\/page\/wp-content\/flagallery\/jaecoo-modelgalerie\/webview\/jaecoo-7-phev-8.jpg\"\/><img decoding=\"async\" class=\"noLazy\" alt=\"\" src=\"https:\/\/ford-sachsen.de\/html\/page\/wp-content\/flagallery\/jaecoo-modelgalerie\/webview\/jaecoo-7-phev-4.jpg\"\/><img decoding=\"async\" class=\"noLazy\" alt=\"\" src=\"https:\/\/ford-sachsen.de\/html\/page\/wp-content\/flagallery\/jaecoo-modelgalerie\/webview\/jaecoo-7-phev-5.jpg\"\/><img decoding=\"async\" class=\"noLazy\" alt=\"\" src=\"https:\/\/ford-sachsen.de\/html\/page\/wp-content\/flagallery\/jaecoo-modelgalerie\/webview\/jaecoo-7-phev-3.jpg\"\/><img decoding=\"async\" class=\"noLazy\" alt=\"\" src=\"https:\/\/ford-sachsen.de\/html\/page\/wp-content\/flagallery\/jaecoo-modelgalerie\/webview\/jaecoo-7-phev-7.jpg\"\/><img decoding=\"async\" class=\"noLazy\" alt=\"\" src=\"https:\/\/ford-sachsen.de\/html\/page\/wp-content\/flagallery\/jaecoo-modelgalerie\/webview\/jaecoo-7-phev-6.jpg\"\/><img decoding=\"async\" class=\"noLazy\" alt=\"\" src=\"https:\/\/ford-sachsen.de\/html\/page\/wp-content\/flagallery\/jaecoo-modelgalerie\/webview\/jaecoo-7-phev-2.jpg\"\/><img decoding=\"async\" class=\"noLazy\" alt=\"\" src=\"https:\/\/ford-sachsen.de\/html\/page\/wp-content\/flagallery\/jaecoo-modelgalerie\/webview\/jaecoo-7-phev-1.jpg\"\/> <\/div><\/div><\/div><noscript id=\"noscript_FlaGallery_sc1_17\"><a href=\"https:\/\/ford-sachsen.de\/html\/page\/wp-content\/flagallery\/jaecoo-modelgalerie\/jaecoo-7-phev-8.jpg\"><img class=\"skip-lazy no-lazyload noLazy\" data-lazy-src=\"\" src =\"https:\/\/ford-sachsen.de\/html\/page\/wp-content\/flagallery\/jaecoo-modelgalerie\/jaecoo-7-phev-8.jpg\" alt=\"\" \/><\/a><a href=\"https:\/\/ford-sachsen.de\/html\/page\/wp-content\/flagallery\/jaecoo-modelgalerie\/jaecoo-7-phev-4.jpg\"><img class=\"skip-lazy no-lazyload noLazy\" data-lazy-src=\"\" src =\"https:\/\/ford-sachsen.de\/html\/page\/wp-content\/flagallery\/jaecoo-modelgalerie\/jaecoo-7-phev-4.jpg\" alt=\"\" \/><\/a><a href=\"https:\/\/ford-sachsen.de\/html\/page\/wp-content\/flagallery\/jaecoo-modelgalerie\/jaecoo-7-phev-5.jpg\"><img class=\"skip-lazy no-lazyload noLazy\" data-lazy-src=\"\" src =\"https:\/\/ford-sachsen.de\/html\/page\/wp-content\/flagallery\/jaecoo-modelgalerie\/jaecoo-7-phev-5.jpg\" alt=\"\" \/><\/a><a href=\"https:\/\/ford-sachsen.de\/html\/page\/wp-content\/flagallery\/jaecoo-modelgalerie\/jaecoo-7-phev-3.jpg\"><img class=\"skip-lazy no-lazyload noLazy\" data-lazy-src=\"\" src =\"https:\/\/ford-sachsen.de\/html\/page\/wp-content\/flagallery\/jaecoo-modelgalerie\/jaecoo-7-phev-3.jpg\" alt=\"\" \/><\/a><a href=\"https:\/\/ford-sachsen.de\/html\/page\/wp-content\/flagallery\/jaecoo-modelgalerie\/jaecoo-7-phev-7.jpg\"><img class=\"skip-lazy no-lazyload noLazy\" data-lazy-src=\"\" src =\"https:\/\/ford-sachsen.de\/html\/page\/wp-content\/flagallery\/jaecoo-modelgalerie\/jaecoo-7-phev-7.jpg\" alt=\"\" \/><\/a><a href=\"https:\/\/ford-sachsen.de\/html\/page\/wp-content\/flagallery\/jaecoo-modelgalerie\/jaecoo-7-phev-6.jpg\"><img class=\"skip-lazy no-lazyload noLazy\" data-lazy-src=\"\" src =\"https:\/\/ford-sachsen.de\/html\/page\/wp-content\/flagallery\/jaecoo-modelgalerie\/jaecoo-7-phev-6.jpg\" alt=\"\" \/><\/a><a href=\"https:\/\/ford-sachsen.de\/html\/page\/wp-content\/flagallery\/jaecoo-modelgalerie\/jaecoo-7-phev-2.jpg\"><img class=\"skip-lazy no-lazyload noLazy\" data-lazy-src=\"\" src =\"https:\/\/ford-sachsen.de\/html\/page\/wp-content\/flagallery\/jaecoo-modelgalerie\/jaecoo-7-phev-2.jpg\" alt=\"\" \/><\/a><a href=\"https:\/\/ford-sachsen.de\/html\/page\/wp-content\/flagallery\/jaecoo-modelgalerie\/jaecoo-7-phev-1.jpg\"><img class=\"skip-lazy no-lazyload noLazy\" data-lazy-src=\"\" src =\"https:\/\/ford-sachsen.de\/html\/page\/wp-content\/flagallery\/jaecoo-modelgalerie\/jaecoo-7-phev-1.jpg\" alt=\"\" \/><\/a><\/noscript><\/p>\t\t\t\t\t\t\t\t<\/div>\n\t\t\t\t<\/div>\n\t\t\t\t<div class=\"elementor-element elementor-element-e4609c1 elementor-widget elementor-widget-text-editor\" data-id=\"e4609c1\" data-element_type=\"widget\" data-widget_type=\"text-editor.default\">\n\t\t\t\t<div class=\"elementor-widget-container\">\n\t\t\t\t\t\t\t\t\t<div class=\"rtIcons\">\n    <figure class=\"w25\"> <img decoding=\"async\" src=\"https:\/\/ford-sachsen.de\/html\/page\/wp-content\/uploads\/2026\/01\/icon-hybrid.png\"><figcaption><strong>1,5 T+DHT<\/strong>Hybridantrieb<\/figcaption><\/figure>\n    <figure class=\"w25\"> <img decoding=\"async\" src=\"https:\/\/ford-sachsen.de\/html\/page\/wp-content\/uploads\/2026\/01\/icon-drehmoment.png\"><figcaption><strong>515 Nm<\/strong>kombiniertes Drehmoment<\/figcaption><\/figure>\n    <figure class=\"w25\"> <img decoding=\"async\" src=\"https:\/\/ford-sachsen.de\/html\/page\/wp-content\/uploads\/2026\/01\/icon-verbrauch-elektrisch.png\"><figcaption><strong>90 km<\/strong>reine elektrische Reichweite (WLTP)<\/figcaption><\/figure>\n    <figure class=\"w25\"> <img decoding=\"async\" src=\"https:\/\/ford-sachsen.de\/html\/page\/wp-content\/uploads\/2026\/01\/icon-verbrauch-gesamt.png\"><figcaption><strong>1200 km<\/strong>Gesamtreichweite<\/figcaption><\/figure>\n<\/div>\t\t\t\t\t\t\t\t<\/div>\n\t\t\t\t<\/div>\n\t\t\t\t\t<\/div>\n\t\t<\/div>\n\t\t\t\t\t<\/div>\n\t\t<\/section>\n\t\t\t\t<section class=\"elementor-section elementor-top-section elementor-element elementor-element-b85350f elementor-section-boxed elementor-section-height-default elementor-section-height-default\" data-id=\"b85350f\" data-element_type=\"section\">\n\t\t\t\t\t\t<div class=\"elementor-container elementor-column-gap-default\">\n\t\t\t\t\t<div class=\"elementor-column elementor-col-100 elementor-top-column elementor-element elementor-element-449f3b2\" data-id=\"449f3b2\" data-element_type=\"column\">\n\t\t\t<div class=\"elementor-widget-wrap elementor-element-populated\">\n\t\t\t\t\t\t<div class=\"elementor-element elementor-element-b6d55ca elementor-widget elementor-widget-text-editor\" data-id=\"b6d55ca\" data-element_type=\"widget\" data-widget_type=\"text-editor.default\">\n\t\t\t\t<div class=\"elementor-widget-container\">\n\t\t\t\t\t\t\t\t\t<p>Der Jaecoo 7 PHEV verbindet die Flexibilit\u00e4t eines Hybrid-Antriebs mit der Alltagstauglichkeit eines modernen SUV. Kombiniert mit der Beratung und Betreuung durch Autohaus Pichel am Standort Burgst\u00e4dt entsteht ein Fahrzeug, das Effizienz, Komfort und Reichweite in einem Paket vereint.<\/p>\n\n<h4>Hybrid-Technologie f\u00fcr Alltag &#038; Langstrecke<\/h4>\n\n<p>Der Jaecoo 7 PHEV nutzt einen Plug-in-Hybridantrieb, der einen 1,5 Liter-Turbo-Benzinmotor mit einem elektrischen Motor kombiniert und so eine harmonische Kraftentfaltung erm\u00f6glicht. Der PHEV-Antrieb bringt effizienten Betrieb im st\u00e4dtischen Verkehr und langstreckentaugliches Fahren zusammen, ohne Kompromisse bei Komfort oder Leistung.<\/p>\n\n<p>Die Batterie des Jaecoo 7 PHEV hat eine Kapazit\u00e4t von rund 18,3 kWh, was ihm eine rein elektrische Reichweite von etwa 90 km erm\u00f6glicht \u2013 ideal f\u00fcr t\u00e4gliche Pendelwege und Kurzstrecken, bevor der Verbrennungsmotor dazukommt.<\/p>\n\n<h4>Reichweite &#038; Effizienz<\/h4>\n\n<p>Mit dem Plug-in-Hybrid-System lassen sich kurze Wege zumeist rein elektrisch zur\u00fccklegen, was Emissionen und Verbrauch reduziert. Gleichzeitig sorgt der Verbrennungsmotor daf\u00fcr, dass selbst l\u00e4ngere Strecken ohne Reichweitenangst m\u00f6glich sind \u2013 die kombinierte Reichweite kann mit vollem Tank und Akku weit \u00fcber 1.200 km liegen.<\/p>\n\n<p>Der Benzinverbrauch liegt kombiniert bei niedrigen Werten zwischen etwa 0,7 \u2013 2,4 Liter\/100 km, w\u00e4hrend der Stromverbrauch im elektrischen Betrieb im Bereich von 15 \u2013 18 kWh\/100 km angesiedelt ist.<\/p>\n\n<h4>Komfort &#038; Ausstattung<\/h4>\n\n<p>Der Jaecoo 7 PHEV ist ein ger\u00e4umiger SUV mit durchdachtem Komfort: moderne Infotainment-Screens, Assistenzsysteme und Sicherheitstechnik sind auf dem neuesten Stand und machen jede Fahrt sicher und angenehm. Dank Plug-in-Hybrid-Technologie profitierst du von elektrischer Reichweite ohne Ladezwang auf langen Strecken.<\/p>\n\n<h4>Warum Jaecoo 7 PHEV bei Autohaus Pichel?<\/h4>\n\n<p>Bei Autohaus Pichel in Burgst\u00e4dt bekommst du nicht nur ein Fahrzeug, sondern eine individuelle Beratung und Betreuung, die zu deinen Fahrgewohnheiten passt. Unser Team hilft dir dabei, die Vorteile des Jaecoo 7 PHEV zu verstehen, bietet Probefahrten an und findet das passende Modell f\u00fcr deinen Alltag.<\/p>\n\n<a class=\"rtButton\" href=\"https:\/\/www.omodajaecoo-auto.de\/j7phev\" target=\"_blank\" rel=\"noopener\">Zur Herstellerseite<\/a> <a class=\"rtButton\" href=\"https:\/\/ford-sachsen.de\/html\/page\/omoda-jaecoo-burgstaedt\/kontakt\/\" target=\"_blank\" rel=\"noopener\">Anfrage stellen<\/a><\/div>\t\t\t\t\t\t\t\t<\/div>\n\t\t\t\t<\/div>\n\t\t\t\t\t<\/div>\n\t\t<\/div>\n\t\t\t\t\t<\/div>\n\t\t<\/section>\n\t\t\t\t<\/div>\n\t\t","protected":false},"excerpt":{"rendered":"<p>Jaecoo 7 PHEV \u2013 Plug-in Hybrid-SUV bei Autohaus Pichel in Burgst\u00e4dt 1,5 T+DHTHybridantrieb 515 Nmkombiniertes Drehmoment 90 kmreine elektrische Reichweite (WLTP) 1200 kmGesamtreichweite Der Jaecoo 7 PHEV verbindet die Flexibilit\u00e4t eines Hybrid-Antriebs mit der Alltagstauglichkeit eines modernen SUV. Kombiniert mit der Beratung und Betreuung durch Autohaus Pichel am Standort Burgst\u00e4dt entsteht ein Fahrzeug, das Effizienz,<\/p>\n<div><a class=\"btn-filled btn\" href=\"https:\/\/ford-sachsen.de\/html\/page\/omoda-jaecoo-burgstaedt\/jaecoo-7-phev\/\" title=\"JAECOO 7 PHEV\">Weiterlesen<\/a><\/div>\n","protected":false},"author":7,"featured_media":0,"parent":4645631,"menu_order":0,"comment_status":"closed","ping_status":"closed","template":"page-templates\/sidebar-left.php","meta":{"order-bump-settings":[],"_wpfnl_thankyou_order_overview":"on","_wpfnl_thankyou_order_details":"on","_wpfnl_thankyou_billing_details":"on","_wpfnl_thankyou_shipping_details":"on","footnotes":""},"tags":[],"class_list":["post-4667273","page","type-page","status-publish","hentry"],"_links":{"self":[{"href":"https:\/\/ford-sachsen.de\/html\/page\/wp-json\/wp\/v2\/pages\/4667273","targetHints":{"allow":["GET"]}}],"collection":[{"href":"https:\/\/ford-sachsen.de\/html\/page\/wp-json\/wp\/v2\/pages"}],"about":[{"href":"https:\/\/ford-sachsen.de\/html\/page\/wp-json\/wp\/v2\/types\/page"}],"author":[{"embeddable":true,"href":"https:\/\/ford-sachsen.de\/html\/page\/wp-json\/wp\/v2\/users\/7"}],"replies":[{"embeddable":true,"href":"https:\/\/ford-sachsen.de\/html\/page\/wp-json\/wp\/v2\/comments?post=4667273"}],"version-history":[{"count":7,"href":"https:\/\/ford-sachsen.de\/html\/page\/wp-json\/wp\/v2\/pages\/4667273\/revisions"}],"predecessor-version":[{"id":4667293,"href":"https:\/\/ford-sachsen.de\/html\/page\/wp-json\/wp\/v2\/pages\/4667273\/revisions\/4667293"}],"up":[{"embeddable":true,"href":"https:\/\/ford-sachsen.de\/html\/page\/wp-json\/wp\/v2\/pages\/4645631"}],"wp:attachment":[{"href":"https:\/\/ford-sachsen.de\/html\/page\/wp-json\/wp\/v2\/media?parent=4667273"}],"wp:term":[{"taxonomy":"post_tag","embeddable":true,"href":"https:\/\/ford-sachsen.de\/html\/page\/wp-json\/wp\/v2\/tags?post=4667273"}],"curies":[{"name":"wp","href":"https:\/\/api.w.org\/{rel}","templated":true}]}}