{"id":4667249,"date":"2026-01-13T20:46:06","date_gmt":"2026-01-13T18:46:06","guid":{"rendered":"https:\/\/ford-sachsen.de\/html\/page\/?page_id=4667249"},"modified":"2026-01-13T21:17:30","modified_gmt":"2026-01-13T19:17:30","slug":"omoda-5-bev","status":"publish","type":"page","link":"https:\/\/ford-sachsen.de\/html\/page\/omoda-jaecoo-burgstaedt\/omoda-5-bev\/","title":{"rendered":"Omoda 5 BEV"},"content":{"rendered":"\t\t<div data-elementor-type=\"wp-page\" data-elementor-id=\"4667249\" class=\"elementor elementor-4667249\">\n\t\t\t\t\t\t<section class=\"elementor-section elementor-top-section elementor-element elementor-element-81f0b9c elementor-section-boxed elementor-section-height-default elementor-section-height-default\" data-id=\"81f0b9c\" data-element_type=\"section\">\n\t\t\t\t\t\t<div class=\"elementor-container elementor-column-gap-default\">\n\t\t\t\t\t<div class=\"elementor-column elementor-col-100 elementor-top-column elementor-element elementor-element-b2d6b75\" data-id=\"b2d6b75\" data-element_type=\"column\">\n\t\t\t<div class=\"elementor-widget-wrap elementor-element-populated\">\n\t\t\t\t\t\t<div class=\"elementor-element elementor-element-2d0f8ac elementor-widget elementor-widget-heading\" data-id=\"2d0f8ac\" data-element_type=\"widget\" data-widget_type=\"heading.default\">\n\t\t\t\t<div class=\"elementor-widget-container\">\n\t\t\t\t\t<h2 class=\"elementor-heading-title elementor-size-default\">Omoda 5 BEV \u2013 Das neue elektrische SUV bei Autohaus Pichel in Burgst\u00e4dt<\/h2>\t\t\t\t<\/div>\n\t\t\t\t<\/div>\n\t\t\t\t<div class=\"elementor-element elementor-element-87769cb elementor-widget elementor-widget-text-editor\" data-id=\"87769cb\" data-element_type=\"widget\" data-widget_type=\"text-editor.default\">\n\t\t\t\t<div class=\"elementor-widget-container\">\n\t\t\t\t\t\t\t\t\t<p><div class=\"flagallery nivogallery_skin\" id=\"FlaGallery_sc1_16\" style='width:100%;'><style type=\"text\/css\" scoped=\"scoped\">@import url('https:\/\/ford-sachsen.de\/html\/page\/wp-content\/plugins\/flash-album-gallery\/assets\/nivoslider\/themes\/default\/default.css') all;<\/style><div class=\"slider-wrapper theme-default\" style=\"position: relative;\"> <div class=\"ribbon\"><\/div> <div class=\"flagallery_nivoSlider\" data-settings=\"{&quot;theme&quot;:&quot;default&quot;,&quot;effect&quot;:&quot;random&quot;,&quot;slices&quot;:&quot;15&quot;,&quot;animSpeed&quot;:&quot;500&quot;,&quot;pauseTime&quot;:&quot;5000&quot;,&quot;startSlide&quot;:&quot;0&quot;,&quot;pauseOnHover&quot;:&quot;1&quot;,&quot;directionNav&quot;:&quot;1&quot;,&quot;controlNav&quot;:&quot;1&quot;,&quot;linkTarget&quot;:&quot;0&quot;,&quot;randomStart&quot;:&quot;0&quot;,&quot;key&quot;:&quot;d03636217bb3d58b1dde922547bbc835&quot;,&quot;name&quot;:&quot;GRANDPack&quot;,&quot;boxCols&quot;:8,&quot;boxRows&quot;:4,&quot;prevText&quot;:&quot;Prev&quot;,&quot;nextText&quot;:&quot;Next&quot;}\"> <img decoding=\"async\" class=\"noLazy\" alt=\"\" src=\"https:\/\/ford-sachsen.de\/html\/page\/wp-content\/flagallery\/omoda-modellgalerie\/webview\/omoda-5-bev-6.jpg\"\/><img decoding=\"async\" class=\"noLazy\" alt=\"\" src=\"https:\/\/ford-sachsen.de\/html\/page\/wp-content\/flagallery\/omoda-modellgalerie\/webview\/omoda-5-bev-4.jpg\"\/><img decoding=\"async\" class=\"noLazy\" alt=\"\" src=\"https:\/\/ford-sachsen.de\/html\/page\/wp-content\/flagallery\/omoda-modellgalerie\/webview\/omoda-5-bev-5.jpg\"\/><img decoding=\"async\" class=\"noLazy\" alt=\"\" src=\"https:\/\/ford-sachsen.de\/html\/page\/wp-content\/flagallery\/omoda-modellgalerie\/webview\/omoda-5-bev-3.jpg\"\/><img decoding=\"async\" class=\"noLazy\" alt=\"\" src=\"https:\/\/ford-sachsen.de\/html\/page\/wp-content\/flagallery\/omoda-modellgalerie\/webview\/omoda-5-bev-8.jpg\"\/><img decoding=\"async\" class=\"noLazy\" alt=\"\" src=\"https:\/\/ford-sachsen.de\/html\/page\/wp-content\/flagallery\/omoda-modellgalerie\/webview\/omoda-5-bev-7.jpg\"\/><img decoding=\"async\" class=\"noLazy\" alt=\"\" src=\"https:\/\/ford-sachsen.de\/html\/page\/wp-content\/flagallery\/omoda-modellgalerie\/webview\/omoda-5-bev-1.jpg\"\/><img decoding=\"async\" class=\"noLazy\" alt=\"\" src=\"https:\/\/ford-sachsen.de\/html\/page\/wp-content\/flagallery\/omoda-modellgalerie\/webview\/omoda-5-bev-2.jpg\"\/> <\/div><\/div><\/div><noscript id=\"noscript_FlaGallery_sc1_16\"><a href=\"https:\/\/ford-sachsen.de\/html\/page\/wp-content\/flagallery\/omoda-modellgalerie\/omoda-5-bev-6.jpg\"><img class=\"skip-lazy no-lazyload noLazy\" data-lazy-src=\"\" src =\"https:\/\/ford-sachsen.de\/html\/page\/wp-content\/flagallery\/omoda-modellgalerie\/omoda-5-bev-6.jpg\" alt=\"\" \/><\/a><a href=\"https:\/\/ford-sachsen.de\/html\/page\/wp-content\/flagallery\/omoda-modellgalerie\/omoda-5-bev-4.jpg\"><img class=\"skip-lazy no-lazyload noLazy\" data-lazy-src=\"\" src =\"https:\/\/ford-sachsen.de\/html\/page\/wp-content\/flagallery\/omoda-modellgalerie\/omoda-5-bev-4.jpg\" alt=\"\" \/><\/a><a href=\"https:\/\/ford-sachsen.de\/html\/page\/wp-content\/flagallery\/omoda-modellgalerie\/omoda-5-bev-5.jpg\"><img class=\"skip-lazy no-lazyload noLazy\" data-lazy-src=\"\" src =\"https:\/\/ford-sachsen.de\/html\/page\/wp-content\/flagallery\/omoda-modellgalerie\/omoda-5-bev-5.jpg\" alt=\"\" \/><\/a><a href=\"https:\/\/ford-sachsen.de\/html\/page\/wp-content\/flagallery\/omoda-modellgalerie\/omoda-5-bev-3.jpg\"><img class=\"skip-lazy no-lazyload noLazy\" data-lazy-src=\"\" src =\"https:\/\/ford-sachsen.de\/html\/page\/wp-content\/flagallery\/omoda-modellgalerie\/omoda-5-bev-3.jpg\" alt=\"\" \/><\/a><a href=\"https:\/\/ford-sachsen.de\/html\/page\/wp-content\/flagallery\/omoda-modellgalerie\/omoda-5-bev-8.jpg\"><img class=\"skip-lazy no-lazyload noLazy\" data-lazy-src=\"\" src =\"https:\/\/ford-sachsen.de\/html\/page\/wp-content\/flagallery\/omoda-modellgalerie\/omoda-5-bev-8.jpg\" alt=\"\" \/><\/a><a href=\"https:\/\/ford-sachsen.de\/html\/page\/wp-content\/flagallery\/omoda-modellgalerie\/omoda-5-bev-7.jpg\"><img class=\"skip-lazy no-lazyload noLazy\" data-lazy-src=\"\" src =\"https:\/\/ford-sachsen.de\/html\/page\/wp-content\/flagallery\/omoda-modellgalerie\/omoda-5-bev-7.jpg\" alt=\"\" \/><\/a><a href=\"https:\/\/ford-sachsen.de\/html\/page\/wp-content\/flagallery\/omoda-modellgalerie\/omoda-5-bev-1.jpg\"><img class=\"skip-lazy no-lazyload noLazy\" data-lazy-src=\"\" src =\"https:\/\/ford-sachsen.de\/html\/page\/wp-content\/flagallery\/omoda-modellgalerie\/omoda-5-bev-1.jpg\" alt=\"\" \/><\/a><a href=\"https:\/\/ford-sachsen.de\/html\/page\/wp-content\/flagallery\/omoda-modellgalerie\/omoda-5-bev-2.jpg\"><img class=\"skip-lazy no-lazyload noLazy\" data-lazy-src=\"\" src =\"https:\/\/ford-sachsen.de\/html\/page\/wp-content\/flagallery\/omoda-modellgalerie\/omoda-5-bev-2.jpg\" alt=\"\" \/><\/a><\/noscript><\/p>\t\t\t\t\t\t\t\t<\/div>\n\t\t\t\t<\/div>\n\t\t\t\t\t<\/div>\n\t\t<\/div>\n\t\t\t\t\t<\/div>\n\t\t<\/section>\n\t\t\t\t<section class=\"elementor-section elementor-top-section elementor-element elementor-element-d19ca33 elementor-section-boxed elementor-section-height-default elementor-section-height-default\" data-id=\"d19ca33\" data-element_type=\"section\">\n\t\t\t\t\t\t<div class=\"elementor-container elementor-column-gap-default\">\n\t\t\t\t\t<div class=\"elementor-column elementor-col-100 elementor-top-column elementor-element elementor-element-af3e236\" data-id=\"af3e236\" data-element_type=\"column\">\n\t\t\t<div class=\"elementor-widget-wrap elementor-element-populated\">\n\t\t\t\t\t\t<div class=\"elementor-element elementor-element-467c08e elementor-widget elementor-widget-text-editor\" data-id=\"467c08e\" data-element_type=\"widget\" data-widget_type=\"text-editor.default\">\n\t\t\t\t<div class=\"elementor-widget-container\">\n\t\t\t\t\t\t\t\t\t<div class=\"rtIcons\">\n<figure class=\"w33\">\n<img decoding=\"async\" src=\"https:\/\/ford-sachsen.de\/html\/page\/wp-content\/uploads\/2026\/01\/icon-akku.png\">\n<figcaption><strong>61 kWh<\/strong>Autobatterie<\/figcaption>\n<\/figure>\n<figure class=\"w33\">\n<img decoding=\"async\" src=\"https:\/\/ford-sachsen.de\/html\/page\/wp-content\/uploads\/2026\/01\/icon-reichweite.png\">\n<figcaption><strong>430 km<\/strong>Reichweite<\/figcaption>\n<\/figure>\n<figure class=\"w33\">\n<img decoding=\"async\" src=\"https:\/\/ford-sachsen.de\/html\/page\/wp-content\/uploads\/2026\/01\/icon-verbrauch.png\">\n<figcaption><strong>15,9 kWh\/100km<\/strong>Energieverbrauch<\/figcaption>\n<\/figure>\n<\/div>\t\t\t\t\t\t\t\t<\/div>\n\t\t\t\t<\/div>\n\t\t\t\t<div class=\"elementor-element elementor-element-c5896b4 elementor-widget elementor-widget-text-editor\" data-id=\"c5896b4\" data-element_type=\"widget\" data-widget_type=\"text-editor.default\">\n\t\t\t\t<div class=\"elementor-widget-container\">\n\t\t\t\t\t\t\t\t\t<p>Der Omoda 5 BEV bringt frischen Wind in die Kompakt-SUV-Klasse: modern, effizient und alltagstauglich. Bei Autohaus Pichel in Burgst\u00e4dt pr\u00e4sentieren wir dir dieses vollelektrische Modell als zukunftsweisende Mobilit\u00e4tsl\u00f6sung \u2013 ideal f\u00fcr Stadt, Pendelverkehr und l\u00e4ngere Strecken gleicherma\u00dfen.<p>\n\n<h4>Elektrische Performance mit Reichweite<\/h4>\n\n<p>Der Omoda 5 BEV wird von einem leistungsstarken Elektromotor an der Vorderachse angetrieben und bietet rund 150 kW (204 PS) Leistung bei 0 g\/km CO\u2082-Emissionen im Fahrbetrieb. Je nach Batterie-Konfiguration sind WLTP-Reichweiten von bis zu etwa 430\u2013440 Kilometern m\u00f6glich \u2013 genug f\u00fcr die meisten t\u00e4glichen Fahrten und Wochenendausfl\u00fcge.<\/p>\n\n<h4>Effizientes Laden<\/h4>\n\n<p>Mit einer Lithium-Eisenphosphat-(LFP-)Batterie l\u00e4sst sich der Akku an \u00f6ffentlichen DC-Schnellladepunkten z\u00fcgig von rund 30 % auf 80 % aufladen, in vielen F\u00e4llen in unter einer Stunde \u2013 praktisch f\u00fcr unterwegs.<\/p>\n\n<h4>Komfort und Alltagstauglichkeit<\/h4>\n\n<p>Der Omoda 5 BEV \u00fcberzeugt nicht nur durch Reichweite und Effizienz, sondern auch durch einen funktionalen Innenraum und zeitgem\u00e4\u00dfe Ausstattung. Die kompakte Gr\u00f6\u00dfe macht ihn zum vielseitigen Begleiter im urbanen Verkehr, ohne auf Komfort und Technik verzichten zu m\u00fcssen.<\/p>\n\n<h4>Warum der Omoda 5 BEV bei Autohaus Pichel?<\/h4>\n\n<p>Bei Autohaus Pichel in Burgst\u00e4dt legen wir Wert darauf, dir nicht nur Fahrzeuge zu zeigen, sondern dich individuell zu beraten. Der Omoda 5 BEV erg\u00e4nzt unser Portfolio an modernen, elektrifizierten Modellen und steht f\u00fcr dich zur Probefahrt bereit. Unser Team begleitet dich von der ersten Frage bis zur Entscheidung \u2013 pers\u00f6nlich, kompetent und vor Ort.<\/p>\n\n<a class=\"rtButton\" href=\"https:\/\/www.omodajaecoo-auto.de\/e5bev\" target=\"_blank\" rel=\"noopener\">Zur Herstellerseite<\/a> <a class=\"rtButton\" href=\"https:\/\/ford-sachsen.de\/html\/page\/omoda-jaecoo-burgstaedt\/kontakt\/\" target=\"_blank\" rel=\"noopener\">Anfrage stellen<\/a>\t\t\t\t\t\t\t\t<\/div>\n\t\t\t\t<\/div>\n\t\t\t\t\t<\/div>\n\t\t<\/div>\n\t\t\t\t\t<\/div>\n\t\t<\/section>\n\t\t\t\t<\/div>\n\t\t","protected":false},"excerpt":{"rendered":"<p>Omoda 5 BEV \u2013 Das neue elektrische SUV bei Autohaus Pichel in Burgst\u00e4dt 61 kWhAutobatterie 430 kmReichweite 15,9 kWh\/100kmEnergieverbrauch Der Omoda 5 BEV bringt frischen Wind in die Kompakt-SUV-Klasse: modern, effizient und alltagstauglich. Bei Autohaus Pichel in Burgst\u00e4dt pr\u00e4sentieren wir dir dieses vollelektrische Modell als zukunftsweisende Mobilit\u00e4tsl\u00f6sung \u2013 ideal f\u00fcr Stadt, Pendelverkehr und l\u00e4ngere Strecken<\/p>\n<div><a class=\"btn-filled btn\" href=\"https:\/\/ford-sachsen.de\/html\/page\/omoda-jaecoo-burgstaedt\/omoda-5-bev\/\" title=\"Omoda 5 BEV\">Weiterlesen<\/a><\/div>\n","protected":false},"author":7,"featured_media":0,"parent":4645631,"menu_order":0,"comment_status":"closed","ping_status":"closed","template":"page-templates\/sidebar-left.php","meta":{"order-bump-settings":[],"_wpfnl_thankyou_order_overview":"on","_wpfnl_thankyou_order_details":"on","_wpfnl_thankyou_billing_details":"on","_wpfnl_thankyou_shipping_details":"on","footnotes":""},"tags":[],"class_list":["post-4667249","page","type-page","status-publish","hentry"],"_links":{"self":[{"href":"https:\/\/ford-sachsen.de\/html\/page\/wp-json\/wp\/v2\/pages\/4667249","targetHints":{"allow":["GET"]}}],"collection":[{"href":"https:\/\/ford-sachsen.de\/html\/page\/wp-json\/wp\/v2\/pages"}],"about":[{"href":"https:\/\/ford-sachsen.de\/html\/page\/wp-json\/wp\/v2\/types\/page"}],"author":[{"embeddable":true,"href":"https:\/\/ford-sachsen.de\/html\/page\/wp-json\/wp\/v2\/users\/7"}],"replies":[{"embeddable":true,"href":"https:\/\/ford-sachsen.de\/html\/page\/wp-json\/wp\/v2\/comments?post=4667249"}],"version-history":[{"count":11,"href":"https:\/\/ford-sachsen.de\/html\/page\/wp-json\/wp\/v2\/pages\/4667249\/revisions"}],"predecessor-version":[{"id":4667275,"href":"https:\/\/ford-sachsen.de\/html\/page\/wp-json\/wp\/v2\/pages\/4667249\/revisions\/4667275"}],"up":[{"embeddable":true,"href":"https:\/\/ford-sachsen.de\/html\/page\/wp-json\/wp\/v2\/pages\/4645631"}],"wp:attachment":[{"href":"https:\/\/ford-sachsen.de\/html\/page\/wp-json\/wp\/v2\/media?parent=4667249"}],"wp:term":[{"taxonomy":"post_tag","embeddable":true,"href":"https:\/\/ford-sachsen.de\/html\/page\/wp-json\/wp\/v2\/tags?post=4667249"}],"curies":[{"name":"wp","href":"https:\/\/api.w.org\/{rel}","templated":true}]}}