{"id":4664059,"date":"2026-01-06T20:51:57","date_gmt":"2026-01-06T18:51:57","guid":{"rendered":"https:\/\/ford-sachsen.de\/html\/page\/?page_id=4664059"},"modified":"2026-01-06T22:05:43","modified_gmt":"2026-01-06T20:05:43","slug":"swm-chemnitz","status":"publish","type":"page","link":"https:\/\/ford-sachsen.de\/html\/page\/swm-chemnitz\/","title":{"rendered":"SWM Chemnitz"},"content":{"rendered":"\t\t<div data-elementor-type=\"wp-page\" data-elementor-id=\"4664059\" class=\"elementor elementor-4664059\">\n\t\t\t\t\t\t<section class=\"elementor-section elementor-top-section elementor-element elementor-element-f6a96e3 elementor-section-boxed elementor-section-height-default elementor-section-height-default\" data-id=\"f6a96e3\" data-element_type=\"section\">\n\t\t\t\t\t\t<div class=\"elementor-container elementor-column-gap-default\">\n\t\t\t\t\t<div class=\"elementor-column elementor-col-100 elementor-top-column elementor-element elementor-element-ce4eaf0\" data-id=\"ce4eaf0\" data-element_type=\"column\">\n\t\t\t<div class=\"elementor-widget-wrap elementor-element-populated\">\n\t\t\t\t\t\t<div class=\"elementor-element elementor-element-207cf01 elementor-widget elementor-widget-text-editor\" data-id=\"207cf01\" data-element_type=\"widget\" data-widget_type=\"text-editor.default\">\n\t\t\t\t<div class=\"elementor-widget-container\">\n\t\t\t\t\t\t\t\t\t<p><div class=\"flagallery nivogallery_skin\" id=\"FlaGallery_sc1_15\" style='width:100%;'><style type=\"text\/css\" scoped=\"scoped\">@import url('https:\/\/ford-sachsen.de\/html\/page\/wp-content\/plugins\/flash-album-gallery\/assets\/nivoslider\/themes\/default\/default.css') all;<\/style><div class=\"slider-wrapper theme-default\" style=\"position: relative;\"> <div class=\"ribbon\"><\/div> <div class=\"flagallery_nivoSlider\" data-settings=\"{&quot;theme&quot;:&quot;default&quot;,&quot;effect&quot;:&quot;random&quot;,&quot;slices&quot;:&quot;15&quot;,&quot;animSpeed&quot;:&quot;500&quot;,&quot;pauseTime&quot;:&quot;5000&quot;,&quot;startSlide&quot;:&quot;0&quot;,&quot;pauseOnHover&quot;:&quot;1&quot;,&quot;directionNav&quot;:&quot;1&quot;,&quot;controlNav&quot;:&quot;1&quot;,&quot;linkTarget&quot;:&quot;0&quot;,&quot;randomStart&quot;:&quot;0&quot;,&quot;key&quot;:&quot;d03636217bb3d58b1dde922547bbc835&quot;,&quot;name&quot;:&quot;GRANDPack&quot;,&quot;boxCols&quot;:8,&quot;boxRows&quot;:4,&quot;prevText&quot;:&quot;Prev&quot;,&quot;nextText&quot;:&quot;Next&quot;}\"> <img decoding=\"async\" class=\"noLazy\" alt=\"\" src=\"https:\/\/ford-sachsen.de\/html\/page\/wp-content\/flagallery\/swm\/webview\/swm1.jpg\"\/><img decoding=\"async\" class=\"noLazy\" alt=\"\" src=\"https:\/\/ford-sachsen.de\/html\/page\/wp-content\/flagallery\/swm\/webview\/swm2.jpg\"\/><img decoding=\"async\" class=\"noLazy\" alt=\"\" src=\"https:\/\/ford-sachsen.de\/html\/page\/wp-content\/flagallery\/swm\/webview\/swm3.jpg\"\/><img decoding=\"async\" class=\"noLazy\" alt=\"\" src=\"https:\/\/ford-sachsen.de\/html\/page\/wp-content\/flagallery\/swm\/webview\/swm4.jpg\"\/> <\/div><\/div><\/div><noscript id=\"noscript_FlaGallery_sc1_15\"><a href=\"https:\/\/ford-sachsen.de\/html\/page\/wp-content\/flagallery\/swm\/swm1.jpg\"><img class=\"skip-lazy no-lazyload noLazy\" data-lazy-src=\"\" src =\"https:\/\/ford-sachsen.de\/html\/page\/wp-content\/flagallery\/swm\/swm1.jpg\" alt=\"\" \/><\/a><a href=\"https:\/\/ford-sachsen.de\/html\/page\/wp-content\/flagallery\/swm\/swm2.jpg\"><img class=\"skip-lazy no-lazyload noLazy\" data-lazy-src=\"\" src =\"https:\/\/ford-sachsen.de\/html\/page\/wp-content\/flagallery\/swm\/swm2.jpg\" alt=\"\" \/><\/a><a href=\"https:\/\/ford-sachsen.de\/html\/page\/wp-content\/flagallery\/swm\/swm3.jpg\"><img class=\"skip-lazy no-lazyload noLazy\" data-lazy-src=\"\" src =\"https:\/\/ford-sachsen.de\/html\/page\/wp-content\/flagallery\/swm\/swm3.jpg\" alt=\"\" \/><\/a><a href=\"https:\/\/ford-sachsen.de\/html\/page\/wp-content\/flagallery\/swm\/swm4.jpg\"><img class=\"skip-lazy no-lazyload noLazy\" data-lazy-src=\"\" src =\"https:\/\/ford-sachsen.de\/html\/page\/wp-content\/flagallery\/swm\/swm4.jpg\" alt=\"\" \/><\/a><\/noscript><\/p>\t\t\t\t\t\t\t\t<\/div>\n\t\t\t\t<\/div>\n\t\t\t\t<div class=\"elementor-element elementor-element-5a67143 elementor-widget elementor-widget-heading\" data-id=\"5a67143\" data-element_type=\"widget\" data-widget_type=\"heading.default\">\n\t\t\t\t<div class=\"elementor-widget-container\">\n\t\t\t\t\t<h2 class=\"elementor-heading-title elementor-size-default\">Autohaus Pichel in Chemnitz \u2013 Ihr Vertragspartner f\u00fcr SWM ab 2026<\/h2>\t\t\t\t<\/div>\n\t\t\t\t<\/div>\n\t\t\t\t<div class=\"elementor-element elementor-element-5b6bd04 elementor-widget elementor-widget-text-editor\" data-id=\"5b6bd04\" data-element_type=\"widget\" data-widget_type=\"text-editor.default\">\n\t\t\t\t<div class=\"elementor-widget-container\">\n\t\t\t\t\t\t\t\t\t<p>Ab 2026 erweitert das Autohaus Pichel sein Markenportfolio am Standort Chemnitz um die vielseitige Automobilmarke SWM. Mit dieser Erg\u00e4nzung unterstreicht das Autohaus Pichel erneut seinen Anspruch, moderne und attraktive Mobilit\u00e4tsl\u00f6sungen anzubieten und sich zukunftsorientiert weiterzuentwickeln. Kundinnen und Kunden d\u00fcrfen sich auf charakterstarke Fahrzeuge freuen, die italienisches Design, solide Technik und ein \u00fcberzeugendes Preis-Leistungs-Verh\u00e4ltnis vereinen.<br>\nOb kompakte SUVs oder alltagstaugliche Crossover-Modelle \u2013 als kompetenter Vertragspartner f\u00fcr SWM steht Ihnen das Autohaus Pichel in Chemnitz mit umfassender Beratung, Probefahrten sowie einem zuverl\u00e4ssigen Serviceangebot zur Seite und begleitet Sie kompetent auf Ihrem Weg zur passenden Mobilit\u00e4t.<\/p>\n\n<a class=\"rtButton\" href=\"https:\/\/swm-auto.de\/\" target=\"_blank\" rel=\"noopener\">Zur Herstellerseite<\/a> <a class=\"rtButton\" href=\"https:\/\/ford-sachsen.de\/html\/page\/swm-chemnitz\/kontakt\/\" target=\"_blank\" rel=\"noopener\">Anfrage stellen<\/a>\t\t\t\t\t\t\t\t<\/div>\n\t\t\t\t<\/div>\n\t\t\t\t\t<\/div>\n\t\t<\/div>\n\t\t\t\t\t<\/div>\n\t\t<\/section>\n\t\t\t\t<\/div>\n\t\t","protected":false},"excerpt":{"rendered":"<p>Autohaus Pichel in Chemnitz \u2013 Ihr Vertragspartner f\u00fcr SWM ab 2026 Ab 2026 erweitert das Autohaus Pichel sein Markenportfolio am Standort Chemnitz um die vielseitige Automobilmarke SWM. Mit dieser Erg\u00e4nzung unterstreicht das Autohaus Pichel erneut seinen Anspruch, moderne und attraktive Mobilit\u00e4tsl\u00f6sungen anzubieten und sich zukunftsorientiert weiterzuentwickeln. Kundinnen und Kunden d\u00fcrfen sich auf charakterstarke Fahrzeuge freuen,<\/p>\n<div><a class=\"btn-filled btn\" href=\"https:\/\/ford-sachsen.de\/html\/page\/swm-chemnitz\/\" title=\"SWM Chemnitz\">Weiterlesen<\/a><\/div>\n","protected":false},"author":7,"featured_media":0,"parent":0,"menu_order":0,"comment_status":"closed","ping_status":"closed","template":"page-templates\/sidebar-left.php","meta":{"order-bump-settings":[],"_wpfnl_thankyou_order_overview":"on","_wpfnl_thankyou_order_details":"on","_wpfnl_thankyou_billing_details":"on","_wpfnl_thankyou_shipping_details":"on","footnotes":""},"tags":[],"class_list":["post-4664059","page","type-page","status-publish","hentry"],"_links":{"self":[{"href":"https:\/\/ford-sachsen.de\/html\/page\/wp-json\/wp\/v2\/pages\/4664059","targetHints":{"allow":["GET"]}}],"collection":[{"href":"https:\/\/ford-sachsen.de\/html\/page\/wp-json\/wp\/v2\/pages"}],"about":[{"href":"https:\/\/ford-sachsen.de\/html\/page\/wp-json\/wp\/v2\/types\/page"}],"author":[{"embeddable":true,"href":"https:\/\/ford-sachsen.de\/html\/page\/wp-json\/wp\/v2\/users\/7"}],"replies":[{"embeddable":true,"href":"https:\/\/ford-sachsen.de\/html\/page\/wp-json\/wp\/v2\/comments?post=4664059"}],"version-history":[{"count":27,"href":"https:\/\/ford-sachsen.de\/html\/page\/wp-json\/wp\/v2\/pages\/4664059\/revisions"}],"predecessor-version":[{"id":4664115,"href":"https:\/\/ford-sachsen.de\/html\/page\/wp-json\/wp\/v2\/pages\/4664059\/revisions\/4664115"}],"wp:attachment":[{"href":"https:\/\/ford-sachsen.de\/html\/page\/wp-json\/wp\/v2\/media?parent=4664059"}],"wp:term":[{"taxonomy":"post_tag","embeddable":true,"href":"https:\/\/ford-sachsen.de\/html\/page\/wp-json\/wp\/v2\/tags?post=4664059"}],"curies":[{"name":"wp","href":"https:\/\/api.w.org\/{rel}","templated":true}]}}