{"id":2597,"date":"2025-05-20T19:07:47","date_gmt":"2025-05-20T17:07:47","guid":{"rendered":"http:\/\/ford-sachsen.de\/html\/page\/?page_id=2597"},"modified":"2025-05-20T20:43:12","modified_gmt":"2025-05-20T18:43:12","slug":"vanexxt","status":"publish","type":"page","link":"https:\/\/ford-sachsen.de\/html\/page\/vanexxt\/","title":{"rendered":"Vanexxt"},"content":{"rendered":"\t\t<div data-elementor-type=\"wp-page\" data-elementor-id=\"2597\" class=\"elementor elementor-2597\">\n\t\t\t\t\t\t<section class=\"elementor-section elementor-top-section elementor-element elementor-element-6e6efda3 elementor-section-boxed elementor-section-height-default elementor-section-height-default\" data-id=\"6e6efda3\" data-element_type=\"section\">\n\t\t\t\t\t\t<div class=\"elementor-container elementor-column-gap-default\">\n\t\t\t\t\t<div class=\"elementor-column elementor-col-100 elementor-top-column elementor-element elementor-element-13969d30\" data-id=\"13969d30\" data-element_type=\"column\">\n\t\t\t<div class=\"elementor-widget-wrap elementor-element-populated\">\n\t\t\t\t\t\t<div class=\"elementor-element elementor-element-41ff9c76 elementor-widget elementor-widget-text-editor\" data-id=\"41ff9c76\" data-element_type=\"widget\" data-widget_type=\"text-editor.default\">\n\t\t\t\t<div class=\"elementor-widget-container\">\n\t\t\t\t\t\t\t\t\t<p><div class=\"flagallery phantom_skin\" id=\"FlaGallery_sc1_3\" style='width:2000;'><style type=\"text\/css\" class=\"flagallery_skin_style_import\">#FlaGallery_sc1_3 .flagPhantom_ThumbContainer {width:200px; height:180px;}#FlaGallery_sc1_3 .flagPhantom_MobileView .flagPhantom_ThumbContainer {width:150px; height:135px;}#FlaGallery_sc1_3 .flagPhantom_Container {margin-left:auto;margin-right:auto;}#FlaGallery_sc1_3 .flagPhantom_ThumbContainer {margin:8px 0 0 8px;}#FlaGallery_sc1_3 .flagPhantom_ThumbContainer {padding:2px;}#FlaGallery_sc1_3 .flagPhantom_LabelBottom .flagPhantom_ThumbContainer {padding-bottom:36px;}#FlaGallery_sc1_3 .flagPhantom_ThumbContainer,#FlaGallery_sc1_3 .flagPhantom_LabelBottom .flagPhantom_ThumbLabel {background-color:#ffffff;}#FlaGallery_sc1_3 .flagPhantom_ThumbContainer .flagPhantom_Thumb {opacity:0.9;}#FlaGallery_sc1_3 .flagPhantom_ThumbContainer:hover .flagPhantom_Thumb {opacity:1;}#FlaGallery_sc1_3 .flagPhantom_ThumbContainer {border:1px solid #cccccc;}#FlaGallery_sc1_3 .flagPhantom_ThumbContainer {box-shadow:0 0 5px -2px #cccccc;}#FlaGallery_sc1_3 .flagPhantom_ThumbLabel {color:#0b0b0b;}#FlaGallery_sc1_3 .flagPhantom_ThumbLabel a {color:#3695E7;}#FlaGallery_sc1_3 .flagPhantom_LabelInside .flagPhantom_ThumbLabel,#FlaGallery_sc1_3 .flagPhantom_LabelHover .flagPhantom_ThumbLabel {color:#ffffff;}#FlaGallery_sc1_3 .flagPhantom_LabelInside .flagPhantom_ThumbLabel a,#FlaGallery_sc1_3 .flagPhantom_LabelHover .flagPhantom_ThumbLabel a,#FlaGallery_sc1_3 .flagPhantom_LabelInside .flagPhantom_ThumbLabel a:hover,#FlaGallery_sc1_3 .flagPhantom_LabelHover .flagPhantom_ThumbLabel a:hover {color:#e7e179;}<\/style> <div class=\"flagPhantom_Container noLightbox\" style=\"opacity:0\"> <h3>Hartmannsdorf<\/h3><div class=\"flagPhantom_galleryDescription\"><p>Ford Autohaus Pichel &#8211; Hartmannsdorf bei Chemnitz<\/p><\/div> <div class=\"flagPhantom_thumbsWrapper flagPhantom_ThumbScale flagPhantom_LabelHover\"> <div class=\"flagPhantom_ThumbContainer flagPhantom_ThumbLoader\" data-id=\"382\" data-ratio=\"1.5037593984962\" data-title=\"Titel\" data-views=\"49\" data-likes=\"1\"> <a href=\"https:\/\/ford-sachsen.de\/html\/page\/wp-content\/flagallery\/hartmannsdorf\/webview\/211019_13_autohaus.jpg\" class=\"flagPhantom_Thumb\"><img decoding=\"async\" class=\"noLazy\" src=\"https:\/\/ford-sachsen.de\/html\/page\/wp-content\/flagallery\/hartmannsdorf\/thumbs\/thumbs_211019_13_autohaus.jpg\" data-src=\"https:\/\/ford-sachsen.de\/html\/page\/wp-content\/flagallery\/hartmannsdorf\/webview\/211019_13_autohaus.jpg\" alt=\"Titel\"\/><\/a> <div class=\"flagPhantom_ThumbLabel\"> <span class=\"flagPhantom_ThumbLabel_title\">Titel<\/span><\/div> <div style=\"display:none;\" class=\"flagPhantom_Details\"> <div class=\"flagPhantom_description\"> <div class=\"flagPhantom_title\">Titel<\/div> <div class=\"flagPhantom_text\"><p>19.10.2021 HARTMANNSDORF \/ Autohaus Pichel GmbH Hartmannsdorf \/ gesamtes Team Foto: Maik B\u00f6rner<\/p><\/div> <\/div> <\/div> <\/div> <div class=\"flagPhantom_ThumbContainer flagPhantom_ThumbLoader\" data-id=\"383\" data-ratio=\"1.5037593984962\" data-title=\"Titel\" data-views=\"32\" data-likes=\"0\"> <a href=\"https:\/\/ford-sachsen.de\/html\/page\/wp-content\/flagallery\/hartmannsdorf\/webview\/211019_14_autohaus.jpg\" class=\"flagPhantom_Thumb\"><img decoding=\"async\" class=\"noLazy\" src=\"https:\/\/ford-sachsen.de\/html\/page\/wp-content\/flagallery\/hartmannsdorf\/thumbs\/thumbs_211019_14_autohaus.jpg\" data-src=\"https:\/\/ford-sachsen.de\/html\/page\/wp-content\/flagallery\/hartmannsdorf\/webview\/211019_14_autohaus.jpg\" alt=\"Titel\"\/><\/a> <div class=\"flagPhantom_ThumbLabel\"> <span class=\"flagPhantom_ThumbLabel_title\">Titel<\/span><\/div> <div style=\"display:none;\" class=\"flagPhantom_Details\"> <div class=\"flagPhantom_description\"> <div class=\"flagPhantom_title\">Titel<\/div> <div class=\"flagPhantom_text\"><p>19.10.2021 HARTMANNSDORF \/ Autohaus Pichel GmbH Hartmannsdorf \/ die drei Gesch\u00e4ftsf\u00fchrer Andy , Ulrich und Jeffrey Pichel Foto: Maik B\u00f6rner<\/p><\/div> <\/div> <\/div> <\/div> <div class=\"flagPhantom_ThumbContainer flagPhantom_ThumbLoader\" data-id=\"385\" data-ratio=\"1.6077170418006\" data-title=\"\" data-views=\"37\" data-likes=\"0\"> <a href=\"https:\/\/ford-sachsen.de\/html\/page\/wp-content\/flagallery\/hartmannsdorf\/webview\/20200612-autohaus-pichel_gruppe-05-2020.jpg\" class=\"flagPhantom_Thumb\"><img decoding=\"async\" class=\"noLazy\" src=\"https:\/\/ford-sachsen.de\/html\/page\/wp-content\/flagallery\/hartmannsdorf\/thumbs\/thumbs_20200612-autohaus-pichel_gruppe-05-2020.jpg\" data-src=\"https:\/\/ford-sachsen.de\/html\/page\/wp-content\/flagallery\/hartmannsdorf\/webview\/20200612-autohaus-pichel_gruppe-05-2020.jpg\" alt=\"\"\/><\/a> <div class=\"flagPhantom_ThumbLabel\"> <span class=\"flagPhantom_ThumbLabel_title\"><\/span><\/div> <div style=\"display:none;\" class=\"flagPhantom_Details\"> <div class=\"flagPhantom_description\"> <div class=\"flagPhantom_title\"><\/div> <div class=\"flagPhantom_text\"><p>++ am 12.06.2020 in Hartmannsdorf (Sachsen) \/ Foto: Kristin Schmidt (Pauschalbasis) ++ SV Kfz-Servicef\u00fchrer ++ Ford-Autohaus Pichel in Hartmannsdorf bei Chemnitz.<\/p><\/div> <\/div> <\/div> <\/div> <div class=\"flagPhantom_ThumbContainer flagPhantom_ThumbLoader\" data-id=\"384\" data-ratio=\"1.5037593984962\" data-title=\"Titel\" data-views=\"20\" data-likes=\"0\"> <a href=\"https:\/\/ford-sachsen.de\/html\/page\/wp-content\/flagallery\/hartmannsdorf\/webview\/211019_16_autohaus2.jpg\" class=\"flagPhantom_Thumb\"><img decoding=\"async\" class=\"noLazy\" src=\"https:\/\/ford-sachsen.de\/html\/page\/wp-content\/flagallery\/hartmannsdorf\/thumbs\/thumbs_211019_16_autohaus2.jpg\" data-src=\"https:\/\/ford-sachsen.de\/html\/page\/wp-content\/flagallery\/hartmannsdorf\/webview\/211019_16_autohaus2.jpg\" alt=\"Titel\"\/><\/a> <div class=\"flagPhantom_ThumbLabel\"> <span class=\"flagPhantom_ThumbLabel_title\">Titel<\/span><\/div> <div style=\"display:none;\" class=\"flagPhantom_Details\"> <div class=\"flagPhantom_description\"> <div class=\"flagPhantom_title\">Titel<\/div> <div class=\"flagPhantom_text\"><p>19.10.2021 HARTMANNSDORF \/ Autohaus Pichel GmbH Hartmannsdorf \/ Foto: Maik B\u00f6rner<\/p><\/div> <\/div> <\/div> <\/div> <div class=\"flagPhantom_ThumbContainer flagPhantom_ThumbLoader\" data-id=\"381\" data-ratio=\"1.5037593984962\" data-title=\"Titel\" data-views=\"24\" data-likes=\"0\"> <a href=\"https:\/\/ford-sachsen.de\/html\/page\/wp-content\/flagallery\/hartmannsdorf\/webview\/211019_11_autohaus2.jpg\" class=\"flagPhantom_Thumb\"><img decoding=\"async\" class=\"noLazy\" src=\"https:\/\/ford-sachsen.de\/html\/page\/wp-content\/flagallery\/hartmannsdorf\/thumbs\/thumbs_211019_11_autohaus2.jpg\" data-src=\"https:\/\/ford-sachsen.de\/html\/page\/wp-content\/flagallery\/hartmannsdorf\/webview\/211019_11_autohaus2.jpg\" alt=\"Titel\"\/><\/a> <div class=\"flagPhantom_ThumbLabel\"> <span class=\"flagPhantom_ThumbLabel_title\">Titel<\/span><\/div> <div style=\"display:none;\" class=\"flagPhantom_Details\"> <div class=\"flagPhantom_description\"> <div class=\"flagPhantom_title\">Titel<\/div> <div class=\"flagPhantom_text\"><p>19.10.2021 HARTMANNSDORF \/ Autohaus Pichel GmbH Hartmannsdorf \/ Blick in die Werkstatt Foto: Maik B\u00f6rner<\/p><\/div> <\/div> <\/div> <\/div> <div class=\"flagPhantom_ThumbContainer flagPhantom_ThumbLoader\" data-id=\"215\" data-ratio=\"1.5003750937734\" data-title=\"\" data-views=\"36\" data-likes=\"0\"> <a href=\"https:\/\/ford-sachsen.de\/html\/page\/wp-content\/flagallery\/hartmannsdorf\/webview\/ah_pichel_5875.jpg\" class=\"flagPhantom_Thumb\"><img decoding=\"async\" class=\"noLazy\" src=\"https:\/\/ford-sachsen.de\/html\/page\/wp-content\/flagallery\/hartmannsdorf\/thumbs\/thumbs_ah_pichel_5875.jpg\" data-src=\"https:\/\/ford-sachsen.de\/html\/page\/wp-content\/flagallery\/hartmannsdorf\/webview\/ah_pichel_5875.jpg\" alt=\"\"\/><\/a> <div class=\"flagPhantom_ThumbLabel\"> <span class=\"flagPhantom_ThumbLabel_title\"><\/span><\/div> <div style=\"display:none;\" class=\"flagPhantom_Details\"> <\/div> <\/div> <\/div> <\/div> <script type=\"text\/javascript\"> jQuery(function(){ var settings = {\"maxheight\":\"0\",\"thumbCols\":\"0\",\"thumbRows\":\"0\",\"thumbsNavigation\":\"scroll\",\"bgColor\":\"#ffffff\",\"bgAlpha\":\"0\",\"thumbWidth\":\"200\",\"thumbHeight\":\"180\",\"thumbWidthMobile\":\"150\",\"thumbHeightMobile\":\"135\",\"thumbsSpacing\":\"8\",\"thumbsVerticalPadding\":\"4\",\"thumbsHorizontalPadding\":\"4\",\"thumbsAlign\":\"center\",\"thumbScale\":\"1\",\"thumbBG\":\"#ffffff\",\"thumbAlpha\":\"90\",\"thumbAlphaHover\":\"100\",\"thumbBorderSize\":\"1\",\"thumbBorderColor\":\"#cccccc\",\"thumbPadding\":\"2\",\"thumbsInfo\":\"label\",\"labelOnHover\":\"1\",\"labelTextColor\":\"#ffffff\",\"labelLinkColor\":\"#e7e179\",\"label8TextColor\":\"#0b0b0b\",\"label8LinkColor\":\"#3695E7\",\"tooltipTextColor\":\"#0b0b0b\",\"tooltipBgColor\":\"#ffffff\",\"tooltipStrokeColor\":\"#000000\",\"lightboxControlsColor\":\"#ffffff\",\"lightboxTitleColor\":\"#f3f3f3\",\"lightboxTextColor\":\"#f3f3f3\",\"lightboxBGColor\":\"#0b0b0b\",\"lightboxBGAlpha\":\"80\",\"socialShareEnabled\":\"1\",\"deepLinks\":\"1\",\"sidebarBGColor\":\"#ffffff\",\"lightbox800HideArrows\":\"0\",\"viewsEnabled\":\"1\",\"likesEnabled\":\"1\",\"thumb2link\":\"0\",\"show_title\":\"1\",\"initRPdelay\":\"200\",\"key\":\"d03636217bb3d58b1dde922547bbc835\",\"name\":\"GRANDPack\",\"mfp_css\":\"\\r\\n#mfp_gm_sc1_3 .mfp-arrow-right:after,\\r\\n#mfp_gm_sc1_3 .mfp-arrow-right .mfp-a {border-left-color:#ffffff;}\\r\\n#mfp_gm_sc1_3 .mfp-arrow-left:after,\\r\\n#mfp_gm_sc1_3 .mfp-arrow-left .mfp-a {border-right-color:#ffffff;}\\r\\n#mfp_gm_sc1_3 .mfp-close,\\r\\n#mfp_gm_sc1_3 .mfp-likes,\\r\\n#mfp_gm_sc1_3 .mfp-share {color:#ffffff;}\\r\\n#mfp_gm_sc1_3 .mfp-preloader {background-color:#ffffff;}\\r\\n#mfp_gm_sc1_3 .flagPhantom_title,\\r\\n#mfp_gm_sc1_3 .mfp-counter {color:#f3f3f3;}\\r\\n#mfp_gm_sc1_3 .flagPhantom_text {color:#f3f3f3;}\\r\\n#mfp_gm_sc1_3_bg.mfp-bg {background-color:#0b0b0b;}\\r\\n#mfp_gm_sc1_3_bg.mfp-bg {opacity:0.8;}\\r\\n#mfp_gm_sc1_3_bg.mfp-zoom-in.mfp-bg {opacity:0}\\r\\n#mfp_gm_sc1_3_bg.mfp-zoom-in.mfp-ready.mfp-bg {opacity:0.8;}\\r\\n#mfp_gm_sc1_3_bg.mfp-zoom-in.mfp-removing.mfp-bg {opacity:0}\"}; jQuery('#FlaGallery_sc1_3').flagPhantom([settings]); }); <\/script><\/div><noscript id=\"noscript_FlaGallery_sc1_3\"><a href=\"https:\/\/ford-sachsen.de\/html\/page\/wp-content\/flagallery\/hartmannsdorf\/211019_13_autohaus.jpg\"><img class=\"skip-lazy no-lazyload noLazy\" data-lazy-src=\"\" src =\"https:\/\/ford-sachsen.de\/html\/page\/wp-content\/flagallery\/hartmannsdorf\/211019_13_autohaus.jpg\" alt=\"Titel\" \/><\/a><a href=\"https:\/\/ford-sachsen.de\/html\/page\/wp-content\/flagallery\/hartmannsdorf\/211019_14_autohaus.jpg\"><img class=\"skip-lazy no-lazyload noLazy\" data-lazy-src=\"\" src =\"https:\/\/ford-sachsen.de\/html\/page\/wp-content\/flagallery\/hartmannsdorf\/211019_14_autohaus.jpg\" alt=\"Titel\" \/><\/a><a href=\"https:\/\/ford-sachsen.de\/html\/page\/wp-content\/flagallery\/hartmannsdorf\/20200612-autohaus-pichel_gruppe-05-2020.jpg\"><img class=\"skip-lazy no-lazyload noLazy\" data-lazy-src=\"\" src =\"https:\/\/ford-sachsen.de\/html\/page\/wp-content\/flagallery\/hartmannsdorf\/20200612-autohaus-pichel_gruppe-05-2020.jpg\" alt=\"\" \/><\/a><a href=\"https:\/\/ford-sachsen.de\/html\/page\/wp-content\/flagallery\/hartmannsdorf\/211019_16_autohaus2.jpg\"><img class=\"skip-lazy no-lazyload noLazy\" data-lazy-src=\"\" src =\"https:\/\/ford-sachsen.de\/html\/page\/wp-content\/flagallery\/hartmannsdorf\/211019_16_autohaus2.jpg\" alt=\"Titel\" \/><\/a><a href=\"https:\/\/ford-sachsen.de\/html\/page\/wp-content\/flagallery\/hartmannsdorf\/211019_11_autohaus2.jpg\"><img class=\"skip-lazy no-lazyload noLazy\" data-lazy-src=\"\" src =\"https:\/\/ford-sachsen.de\/html\/page\/wp-content\/flagallery\/hartmannsdorf\/211019_11_autohaus2.jpg\" alt=\"Titel\" \/><\/a><a href=\"https:\/\/ford-sachsen.de\/html\/page\/wp-content\/flagallery\/hartmannsdorf\/ah_pichel_5875.jpg\"><img class=\"skip-lazy no-lazyload noLazy\" data-lazy-src=\"\" src =\"https:\/\/ford-sachsen.de\/html\/page\/wp-content\/flagallery\/hartmannsdorf\/ah_pichel_5875.jpg\" alt=\"\" \/><\/a><\/noscript><\/p><p>Das Autohaus Pichel freut sich, Partner von vanexxt zu sein. vanexxt bietet mit seinen flexiblen und modularen Camper Vans eine perfekte L\u00f6sung f\u00fcr alle, die ihren Alltag individuell gestalten m\u00f6chten \u2013 sei es f\u00fcr Abenteuerreisen, Familienausfl\u00fcge oder als praktisches Transportmittel. Die Vans lassen sich in wenigen Minuten umbauen und bieten so vielf\u00e4ltige Nutzungsm\u00f6glichkeiten. Mit dieser Partnerschaft k\u00f6nnen wir unseren Kunden nicht nur hochwertige Fahrzeuge, sondern auch ma\u00dfgeschneiderte L\u00f6sungen f\u00fcr ihre mobilen Bed\u00fcrfnisse bieten. Gemeinsam mit vanexxt setzen wir auf Flexibilit\u00e4t und Innovation, um das Vanlife und die mobile Freiheit auf ein neues Level zu heben.<\/p><p><a class=\"rtButton\" href=\"https:\/\/www.vanexxt.de\/pages\/autohaus-pichel\">Zu unserer H\u00e4ndlerseite<\/a> <a class=\"rtButton\" href=\"https:\/\/formular.auto-pichel.de\/\">Anfrage stellen<\/a><\/p>\t\t\t\t\t\t\t\t<\/div>\n\t\t\t\t<\/div>\n\t\t\t\t\t<\/div>\n\t\t<\/div>\n\t\t\t\t\t<\/div>\n\t\t<\/section>\n\t\t\t\t<section class=\"elementor-section elementor-top-section elementor-element elementor-element-f41836b elementor-section-boxed elementor-section-height-default elementor-section-height-default\" data-id=\"f41836b\" data-element_type=\"section\">\n\t\t\t\t\t\t<div class=\"elementor-container elementor-column-gap-default\">\n\t\t\t\t\t<div class=\"elementor-column elementor-col-33 elementor-top-column elementor-element elementor-element-81c8ad9\" data-id=\"81c8ad9\" data-element_type=\"column\">\n\t\t\t<div class=\"elementor-widget-wrap elementor-element-populated\">\n\t\t\t\t\t\t<div class=\"elementor-element elementor-element-3bafae7 elementor-widget elementor-widget-video\" data-id=\"3bafae7\" data-element_type=\"widget\" data-settings=\"{&quot;video_type&quot;:&quot;hosted&quot;,&quot;controls&quot;:&quot;yes&quot;}\" data-widget_type=\"video.default\">\n\t\t\t\t<div class=\"elementor-widget-container\">\n\t\t\t\t\t\t\t<div class=\"e-hosted-video elementor-wrapper elementor-open-inline\">\n\t\t\t\t\t<video class=\"elementor-video\" src=\"https:\/\/ford-sachsen.de\/html\/page\/wp-content\/uploads\/2025\/05\/VID-Vanexxt-1.mp4\" controls=\"\" preload=\"metadata\" controlsList=\"nodownload\"><\/video>\n\t\t\t\t<\/div>\n\t\t\t\t\t\t<\/div>\n\t\t\t\t<\/div>\n\t\t\t\t\t<\/div>\n\t\t<\/div>\n\t\t\t\t<div class=\"elementor-column elementor-col-33 elementor-top-column elementor-element elementor-element-1985df8\" data-id=\"1985df8\" data-element_type=\"column\">\n\t\t\t<div class=\"elementor-widget-wrap elementor-element-populated\">\n\t\t\t\t\t\t<div class=\"elementor-element elementor-element-ab4ecd5 elementor-widget elementor-widget-video\" data-id=\"ab4ecd5\" data-element_type=\"widget\" data-settings=\"{&quot;video_type&quot;:&quot;hosted&quot;,&quot;controls&quot;:&quot;yes&quot;}\" data-widget_type=\"video.default\">\n\t\t\t\t<div class=\"elementor-widget-container\">\n\t\t\t\t\t\t\t<div class=\"e-hosted-video elementor-wrapper elementor-open-inline\">\n\t\t\t\t\t<video class=\"elementor-video\" src=\"https:\/\/ford-sachsen.de\/html\/page\/wp-content\/uploads\/2025\/05\/VID-Vanexxt-2.mp4\" controls=\"\" preload=\"metadata\" controlsList=\"nodownload\"><\/video>\n\t\t\t\t<\/div>\n\t\t\t\t\t\t<\/div>\n\t\t\t\t<\/div>\n\t\t\t\t\t<\/div>\n\t\t<\/div>\n\t\t\t\t<div class=\"elementor-column elementor-col-33 elementor-top-column elementor-element elementor-element-1f5a14b\" data-id=\"1f5a14b\" data-element_type=\"column\">\n\t\t\t<div class=\"elementor-widget-wrap elementor-element-populated\">\n\t\t\t\t\t\t<div class=\"elementor-element elementor-element-05a295b elementor-widget elementor-widget-video\" data-id=\"05a295b\" data-element_type=\"widget\" data-settings=\"{&quot;video_type&quot;:&quot;hosted&quot;,&quot;controls&quot;:&quot;yes&quot;}\" data-widget_type=\"video.default\">\n\t\t\t\t<div class=\"elementor-widget-container\">\n\t\t\t\t\t\t\t<div class=\"e-hosted-video elementor-wrapper elementor-open-inline\">\n\t\t\t\t\t<video class=\"elementor-video\" src=\"https:\/\/ford-sachsen.de\/html\/page\/wp-content\/uploads\/2025\/05\/VID-Vanexxt-3.mp4\" controls=\"\" preload=\"metadata\" controlsList=\"nodownload\"><\/video>\n\t\t\t\t<\/div>\n\t\t\t\t\t\t<\/div>\n\t\t\t\t<\/div>\n\t\t\t\t\t<\/div>\n\t\t<\/div>\n\t\t\t\t\t<\/div>\n\t\t<\/section>\n\t\t\t\t<\/div>\n\t\t","protected":false},"excerpt":{"rendered":"<p>Vanexxt Das Autohaus Pichel freut sich, Partner von vanexxt zu sein. vanexxt bietet mit seinen flexiblen und modularen Camper Vans eine perfekte L\u00f6sung f\u00fcr alle, die ihren Alltag individuell gestalten m\u00f6chten \u2013 sei es f\u00fcr Abenteuerreisen, Familienausfl\u00fcge oder als praktisches Transportmittel. Die Vans lassen sich in wenigen Minuten umbauen und bieten so vielf\u00e4ltige Nutzungsm\u00f6glichkeiten. Mit<\/p>\n<div><a class=\"btn-filled btn\" href=\"https:\/\/ford-sachsen.de\/html\/page\/vanexxt\/\" title=\"Vanexxt\">Weiterlesen<\/a><\/div>\n","protected":false},"author":8,"featured_media":0,"parent":0,"menu_order":0,"comment_status":"closed","ping_status":"open","template":"page-templates\/sidebar-left.php","meta":{"order-bump-settings":[],"_wpfnl_thankyou_order_overview":"on","_wpfnl_thankyou_order_details":"on","_wpfnl_thankyou_billing_details":"on","_wpfnl_thankyou_shipping_details":"on","footnotes":""},"tags":[],"class_list":["post-2597","page","type-page","status-publish","hentry"],"_links":{"self":[{"href":"https:\/\/ford-sachsen.de\/html\/page\/wp-json\/wp\/v2\/pages\/2597","targetHints":{"allow":["GET"]}}],"collection":[{"href":"https:\/\/ford-sachsen.de\/html\/page\/wp-json\/wp\/v2\/pages"}],"about":[{"href":"https:\/\/ford-sachsen.de\/html\/page\/wp-json\/wp\/v2\/types\/page"}],"author":[{"embeddable":true,"href":"https:\/\/ford-sachsen.de\/html\/page\/wp-json\/wp\/v2\/users\/8"}],"replies":[{"embeddable":true,"href":"https:\/\/ford-sachsen.de\/html\/page\/wp-json\/wp\/v2\/comments?post=2597"}],"version-history":[{"count":10,"href":"https:\/\/ford-sachsen.de\/html\/page\/wp-json\/wp\/v2\/pages\/2597\/revisions"}],"predecessor-version":[{"id":4433508,"href":"https:\/\/ford-sachsen.de\/html\/page\/wp-json\/wp\/v2\/pages\/2597\/revisions\/4433508"}],"wp:attachment":[{"href":"https:\/\/ford-sachsen.de\/html\/page\/wp-json\/wp\/v2\/media?parent=2597"}],"wp:term":[{"taxonomy":"post_tag","embeddable":true,"href":"https:\/\/ford-sachsen.de\/html\/page\/wp-json\/wp\/v2\/tags?post=2597"}],"curies":[{"name":"wp","href":"https:\/\/api.w.org\/{rel}","templated":true}]}}