{"id":2344,"date":"2016-12-22T02:07:19","date_gmt":"2016-12-22T00:07:19","guid":{"rendered":"http:\/\/ford-sachsen.de\/html\/page\/?page_id=2344"},"modified":"2018-07-25T11:49:19","modified_gmt":"2018-07-25T09:49:19","slug":"vip_club","status":"publish","type":"page","link":"https:\/\/ford-sachsen.de\/html\/page\/vip_club\/","title":{"rendered":"Vipclub"},"content":{"rendered":"<table  class=\" table table-hover\" border=\"0\">\n<tbody>\n<tr>\n<td><img fetchpriority=\"high\" decoding=\"async\" class=\"aligncenter\" src=\"https:\/\/ford-sachsen.de\/html\/page\/wp-content\/uploads\/2016\/12\/VIP.png\" alt=\"vip\" width=\"1000\" height=\"527\" \/><\/td>\n<\/tr>\n<tr>\n<td>\n<h2><img decoding=\"async\" class=\"alignleft size-thumbnail wp-image-2347\" src=\"https:\/\/ford-sachsen.de\/html\/page\/wp-content\/uploads\/2016\/12\/Auto-Pichel-V.I.P-CLub-Logo_400_-150x150.png\" alt=\"auto-pichel-v-i-p-club-logo_400_\" width=\"150\" height=\"150\" srcset=\"https:\/\/ford-sachsen.de\/html\/page\/wp-content\/uploads\/2016\/12\/Auto-Pichel-V.I.P-CLub-Logo_400_-150x150.png 150w, https:\/\/ford-sachsen.de\/html\/page\/wp-content\/uploads\/2016\/12\/Auto-Pichel-V.I.P-CLub-Logo_400_-300x300.png 300w, https:\/\/ford-sachsen.de\/html\/page\/wp-content\/uploads\/2016\/12\/Auto-Pichel-V.I.P-CLub-Logo_400_.png 400w\" sizes=\"(max-width: 150px) 100vw, 150px\" \/>JETZT ANMELDEN <br \/> und exklusive Serviceleistungen <br \/>im Wert von 500 \u20ac erhalten.<\/h2\nLiebe Ford-Fahrer,\n\n\nwerden Sie jetzt Mitglied in unserem Autohaus Pichel V.I.P. Club und sichern Sie sich 24\u00a0Monate lang attraktive Serviceleistungen im Wert von 500 \u20ac. Ob Fl\u00fcssigkeits-Flat der\u00a0Mobilit\u00e4tsgarantie \u2013 wer hier rein kommt, ist mit Sicherheit bald sorgenfrei unterwegs , ohne auch nur einen Cent\u00a0daf\u00fcr zu bezahlen.\n\n\n<strong>Haben wir Sie neugierig gemacht? Dann melden Sie sich jetzt bei uns im Autohaus und lassen sich als Mitglied\u00a0in unserem V.I.P. Club registrieren.<\/strong><\/p>\n<p>Wir freuen uns auf Ihren Besuch.<br \/>\nIhr Team vom Autohaus Pichel Chemnitz<\/p>\n<p>In diesem Club geht alles auf uns: F\u00fcr Autohaus Pichel V.I.P. Kunden \u00fcbernehmen wir in den n\u00e4chsten 24 Monaten die Kosten f\u00fcr folgende attraktive Serviceleistungen.\n<\/td>\n<\/tr>\n<\/tbody>\n<\/table>\n<table  class=\" table table-hover\" border=\"0\">\n<tbody>\n<tr>\n<td width=\"33%\">\n<ul>\n<li>Ford Assistance Mobilit\u00e4tsgarantie<\/li>\n<li>Innen- &#038; Au\u00dfenreinigung Ihres Ford nach jedem Werkstattbesuch<\/li>\n<li>Klimaanlagen-Service<\/li>\n<li>Carsharing-Registrierung<\/li>\n<\/ul>\n<\/td>\n<td width=\"33%\">\n<ul>\n<li>Fl\u00fcssigkeits-Flat inkl. K\u00fchl- und Scheibenwaschwasser, Frostschutzmittel, Bremsfl\u00fcssigkeit und Motor\u00f6l (max. 1 Liter)<\/li>\n<li>Vorab-Check f\u00fcr die Hauptuntersuchung<\/li>\n<li>Hol- und Bringdienst zu Serviceaufenthalten (max. 30 km)<\/li>\n<\/ul>\n<\/td>\n<td>\n<ul>\n<li>Service-Ersatzfahrzeug bei Werkstattaufenthalten (max. 1 Tag)<\/li>\n<li>Steinschlagreparatur der Frontscheibe (bei Teilkaskoversicherung)<\/li>\n<li>Fahrzeug-Technikcheck alle 6 Monate*<\/li>\n<\/ul>\n<\/td>\n<\/tr>\n<tr>\n<td colspan=\"3\">*Die Durchf\u00fchrung des Fahrzeug-Technikchecks alle 6 Monate ist Voraussetzung f\u00fcr den Erhalt aller aufgef\u00fchrten kostenfreien Leistungen. <\/p>\n<p>Die Autohaus Pichel GmbH Chemnitz beh\u00e4lt sich vor, den Umfang der exklusiven Serviceleistungen und Angebote zu aktualisieren und\/oder zu erg\u00e4nzen. Voraussetzung f\u00fcr die Inanspruchnahme der Autohaus Pichel V.I.P. Club Leistungen ist eine Mitgliedschaft im Autohaus Pichel V.I.P. Club zu folgenden Bedingungen sowie ein Fahrzeug-Technikcheck alle 6 Monate.<\/p>\n<ol>\n<li>Die Mitgliedschaft ist freiwillig, kostenlos und fahrzeuggebunden.\n<\/li>\n<li>Die Mitgliedschaft kann nur in Schriftform mit dem Aufnahmeformular gegen\u00fcber der Autohaus Pichel GmbH Chemnitz unter Angabe notwendiger Angaben wie Personen- und Fahrzeugdaten erkl\u00e4rt werden.\n<\/li>\n<li>Die Mitgliedschaft beginnt erst am Tag des ersten in der Autohaus Pichel GmbH Chemnitz durchgef\u00fchrten Fahrzeug-Technikchecks.\n<\/li>\n<li>Die Mitgliedschaft endet automatisch nach 24 Monaten, gerechnet ab dem Tag des ersten Fahrzeug-Technikchecks. Voraussetzung daf\u00fcr ist aber, dass das Fahrzeug alle 6 Monate zum Fahrzeug-Technikcheck im Autohaus Pichel GmbH Chemnitz vorgestellt wird. Die Mitgliedschaft endet vorzeitig 6 Monate nach dem letzten Fahrzeug-Technikcheck.\n<\/li>\n<li>Der Fahrzeug-Technikcheck ist kostenlos und umfasst eine Vielzahl sicherheitsrelevanter Pr\u00fcfpunkte inklusive einer Dokumentation. \u00dcber die Durchf\u00fchrung stellt die Autohaus Pichel GmbH Chemnitz separat einen Nachweis aus.\n<\/li>\n<li>Die Autohaus Pichel GmbH Chemnitz informiert rechtzeitig mind. 6 Wochen vor F\u00e4lligkeit an den n\u00e4chsten Termin zum Fahrzeug-Technikcheck. Voraussetzung daf\u00fcr ist die Einwilligung zum Erhalt von Informationen in Schriftform per Post. F\u00fcr die rechtzeitige Terminvereinbarung zum Fahrzeug-Technikcheck ist der Kunde selber verantwortlich.<\/li>\n<\/ol>\n<\/td>\n<\/tr>\n<\/tbody>\n<\/table>\n","protected":false},"excerpt":{"rendered":"<p>JETZT ANMELDEN und exklusive Serviceleistungen im Wert von 500 \u20ac erhalten.<\/p>\n","protected":false},"author":1,"featured_media":0,"parent":0,"menu_order":0,"comment_status":"closed","ping_status":"open","template":"","meta":{"order-bump-settings":[],"_wpfnl_thankyou_order_overview":"on","_wpfnl_thankyou_order_details":"on","_wpfnl_thankyou_billing_details":"on","_wpfnl_thankyou_shipping_details":"on","footnotes":""},"tags":[],"class_list":["post-2344","page","type-page","status-publish","hentry"],"_links":{"self":[{"href":"https:\/\/ford-sachsen.de\/html\/page\/wp-json\/wp\/v2\/pages\/2344","targetHints":{"allow":["GET"]}}],"collection":[{"href":"https:\/\/ford-sachsen.de\/html\/page\/wp-json\/wp\/v2\/pages"}],"about":[{"href":"https:\/\/ford-sachsen.de\/html\/page\/wp-json\/wp\/v2\/types\/page"}],"author":[{"embeddable":true,"href":"https:\/\/ford-sachsen.de\/html\/page\/wp-json\/wp\/v2\/users\/1"}],"replies":[{"embeddable":true,"href":"https:\/\/ford-sachsen.de\/html\/page\/wp-json\/wp\/v2\/comments?post=2344"}],"version-history":[{"count":27,"href":"https:\/\/ford-sachsen.de\/html\/page\/wp-json\/wp\/v2\/pages\/2344\/revisions"}],"predecessor-version":[{"id":9380,"href":"https:\/\/ford-sachsen.de\/html\/page\/wp-json\/wp\/v2\/pages\/2344\/revisions\/9380"}],"wp:attachment":[{"href":"https:\/\/ford-sachsen.de\/html\/page\/wp-json\/wp\/v2\/media?parent=2344"}],"wp:term":[{"taxonomy":"post_tag","embeddable":true,"href":"https:\/\/ford-sachsen.de\/html\/page\/wp-json\/wp\/v2\/tags?post=2344"}],"curies":[{"name":"wp","href":"https:\/\/api.w.org\/{rel}","templated":true}]}}