{"id":128250,"date":"2018-10-17T12:02:15","date_gmt":"2018-10-17T10:02:15","guid":{"rendered":"https:\/\/ford-sachsen.de\/html\/page\/?page_id=128250"},"modified":"2025-04-08T18:57:08","modified_gmt":"2025-04-08T16:57:08","slug":"standorte","status":"publish","type":"page","link":"https:\/\/ford-sachsen.de\/html\/page\/standorte\/","title":{"rendered":"Standorte"},"content":{"rendered":"\t\t<div data-elementor-type=\"wp-page\" data-elementor-id=\"128250\" class=\"elementor elementor-128250\">\n\t\t\t\t\t\t<section class=\"elementor-section elementor-top-section elementor-element elementor-element-7e29f759 elementor-section-boxed elementor-section-height-default elementor-section-height-default\" data-id=\"7e29f759\" data-element_type=\"section\">\n\t\t\t\t\t\t<div class=\"elementor-container elementor-column-gap-default\">\n\t\t\t\t\t<div class=\"elementor-column elementor-col-100 elementor-top-column elementor-element elementor-element-444f2843\" data-id=\"444f2843\" data-element_type=\"column\">\n\t\t\t<div class=\"elementor-widget-wrap elementor-element-populated\">\n\t\t\t\t\t\t<div class=\"elementor-element elementor-element-e13b9cb elementor-widget elementor-widget-text-editor\" data-id=\"e13b9cb\" data-element_type=\"widget\" data-widget_type=\"text-editor.default\">\n\t\t\t\t<div class=\"elementor-widget-container\">\n\t\t\t\t\t\t\t\t\t<p>Unsere Standorte<br \/><script>\n    window.onload = function () {\n    filterText() ;  }\n<\/script><\/p><table id=\"table_format\"  class=\"table table-bordered table-striped table-hover table-list-search table table-hover\"  border=\"1\" width=\"100%\" cellspacing=\"0\" cellpadding=\"0\"><thead><tr><th scope=\"col\">\u00a0<\/th><th scope=\"col\">Standort<select id=\"filterText\" style=\"display: inline-block;\" onchange=\"filterText()\"><option selected=\"selected\">Burgst\u00e4dt<\/option><option value=\"Burgst\u00e4dt\">Burgst\u00e4dt<\/option><option value=\"Chemnitz-Nord\">Chemnitz-Nord<\/option><option value=\"Chemnitz-S\u00fcd\">Chemnitz-S\u00fcd<\/option><\/select><\/th><th scope=\"col\">\u00a0<\/th><\/tr><\/thead><tbody id=\"myTable\"><tr class=\"content\"><td>\u00a0<\/td><td>Burgst\u00e4dt<\/td><td>\u00a0<\/td><\/tr><tr class=\"content\"><td>\u00a0<\/td><td>Chemnitz-Nord<\/td><td>\u00a0<\/td><\/tr><tr class=\"content\"><td>\u00a0<\/td><td>Chemnitz-S\u00fcd<\/td><td>\u00a0<\/td><\/tr><tr class=\"content\"><td>\u00a0<\/td><td>Hartmannsdorf<\/td><td>\u00a0<\/td><\/tr><tr class=\"content\"><td>\u00a0<\/td><td>Mitsubishi Chemnitz<\/td><td>\u00a0<\/td><\/tr><tr class=\"content\"><td>\u00a0<\/td><td>Mittweida<\/td><td>\u00a0<\/td><\/tr><\/tbody><\/table><p><script src=\"https:\/\/ajax.googleapis.com\/ajax\/libs\/jquery\/1.11.3\/jquery.min.js\"><\/script><br \/><!-- Include all compiled plugins (below), or include individual files as needed --><br \/><script src=\"https:\/\/maxcdn.bootstrapcdn.com\/bootstrap\/3.3.6\/js\/bootstrap.min.js\"><\/script><\/p><p><script>\nfunction filterText()\n        {\n                var rex = new RegExp($('#filterText').val());\n                if(rex ==\"\/all\/\"){clearFilter()}else{\n                        $('.content').hide();\n                        $('.content').filter(function() {\n                        return rex.test($(this).text());\n                        }).show();\n        }\n        }\n\nfunction clearFilter()\n        {\n                $('.filterText').val('');\n                $('.content').show();\n        }\n<\/script><\/p>\t\t\t\t\t\t\t\t<\/div>\n\t\t\t\t<\/div>\n\t\t\t\t\t<\/div>\n\t\t<\/div>\n\t\t\t\t\t<\/div>\n\t\t<\/section>\n\t\t\t\t<\/div>\n\t\t","protected":false},"excerpt":{"rendered":"<p>Unsere Standorte \u00a0 StandortBurgst\u00e4dtBurgst\u00e4dtChemnitz-NordChemnitz-S\u00fcd \u00a0 \u00a0 Burgst\u00e4dt \u00a0 \u00a0 Chemnitz-Nord \u00a0 \u00a0 Chemnitz-S\u00fcd \u00a0 \u00a0 Hartmannsdorf \u00a0 \u00a0 Mitsubishi Chemnitz \u00a0 \u00a0 Mittweida \u00a0<\/p>\n","protected":false},"author":1,"featured_media":0,"parent":0,"menu_order":0,"comment_status":"closed","ping_status":"closed","template":"","meta":{"order-bump-settings":[],"_wpfnl_thankyou_order_overview":"on","_wpfnl_thankyou_order_details":"on","_wpfnl_thankyou_billing_details":"on","_wpfnl_thankyou_shipping_details":"on","footnotes":""},"tags":[],"class_list":["post-128250","page","type-page","status-publish","hentry"],"_links":{"self":[{"href":"https:\/\/ford-sachsen.de\/html\/page\/wp-json\/wp\/v2\/pages\/128250","targetHints":{"allow":["GET"]}}],"collection":[{"href":"https:\/\/ford-sachsen.de\/html\/page\/wp-json\/wp\/v2\/pages"}],"about":[{"href":"https:\/\/ford-sachsen.de\/html\/page\/wp-json\/wp\/v2\/types\/page"}],"author":[{"embeddable":true,"href":"https:\/\/ford-sachsen.de\/html\/page\/wp-json\/wp\/v2\/users\/1"}],"replies":[{"embeddable":true,"href":"https:\/\/ford-sachsen.de\/html\/page\/wp-json\/wp\/v2\/comments?post=128250"}],"version-history":[{"count":10,"href":"https:\/\/ford-sachsen.de\/html\/page\/wp-json\/wp\/v2\/pages\/128250\/revisions"}],"predecessor-version":[{"id":4384370,"href":"https:\/\/ford-sachsen.de\/html\/page\/wp-json\/wp\/v2\/pages\/128250\/revisions\/4384370"}],"wp:attachment":[{"href":"https:\/\/ford-sachsen.de\/html\/page\/wp-json\/wp\/v2\/media?parent=128250"}],"wp:term":[{"taxonomy":"post_tag","embeddable":true,"href":"https:\/\/ford-sachsen.de\/html\/page\/wp-json\/wp\/v2\/tags?post=128250"}],"curies":[{"name":"wp","href":"https:\/\/api.w.org\/{rel}","templated":true}]}}