{"id":1036485,"date":"2020-04-02T14:39:17","date_gmt":"2020-04-02T12:39:17","guid":{"rendered":"https:\/\/ford-sachsen.de\/html\/page\/?page_id=1036485"},"modified":"2020-04-02T14:39:17","modified_gmt":"2020-04-02T12:39:17","slug":"corona","status":"publish","type":"page","link":"https:\/\/ford-sachsen.de\/html\/page\/mobil\/chemnitz-nord\/corona\/","title":{"rendered":"Corona"},"content":{"rendered":"<div class=\"BorlabsCookie _brlbs-cb-youtube\"><div class=\"_brlbs-content-blocker\"> <div class=\"_brlbs-embed _brlbs-video-youtube\"> <img class=\"_brlbs-thumbnail\" src=\"https:\/\/ford-sachsen.de\/html\/page\/wp-content\/plugins\/borlabs-cookie\/assets\/images\/cb-no-thumbnail.png\" alt=\"YouTube\"> <div class=\"_brlbs-caption\"> <p>Mit dem Laden des Videos akzeptieren Sie die Datenschutzerkl\u00e4rung von YouTube.<br><a href=\"https:\/\/policies.google.com\/privacy\" target=\"_blank\" rel=\"nofollow noopener noreferrer\">Mehr erfahren<\/a><\/p> <p><a class=\"_brlbs-btn _brlbs-icon-play-white\" href=\"#\" data-borlabs-cookie-unblock role=\"button\">Video laden<\/a><\/p> <p><label><input type=\"checkbox\" name=\"unblockAll\" value=\"1\" checked> <small>YouTube immer entsperren<\/small><\/label><\/p> <\/div> <\/div> <\/div><div class=\"borlabs-hide\" data-borlabs-cookie-type=\"content-blocker\" data-borlabs-cookie-id=\"youtube\">PHA+PGlmcmFtZSBzcmM9Imh0dHBzOi8vd3d3LnlvdXR1YmUtbm9jb29raWUuY29tL2VtYmVkL3hxQmhzZWtQSVA4IiB3aWR0aD0iMTI4MCIgaGVpZ2h0PSI3MjAiIGZyYW1lYm9yZGVyPSIwIiBhbGxvd2Z1bGxzY3JlZW49ImFsbG93ZnVsbHNjcmVlbiI+PC9pZnJhbWU+<\/div><\/div><br \/>\n<span style=\"color: #000000;\">Aus gegebenem Anlass:<\/span><\/p>\n<p><span style=\"color: #000000;\">Kontaktlose Fahrzeug\u00fcbergabe jetzt jederzeit m\u00f6glich.<\/span><\/p>\n<p><span style=\"color: #000000;\">Sehr geehrte Kunden.<\/span><br \/>\n<span style=\"color: #000000;\">Ab sofort bieten wir Ihnen die M\u00f6glichkeit an, ihr Fahrzeugzeug kontaktlos bei uns abzugeben. F\u00fcr die einfache Handhabung haben wir ein kleines Video beigef\u00fcgt. Bei der Abholung ihres Fahrzeuges nehmen Sie ihren Schl\u00fcsseln in einem regelm\u00e4\u00dfig desinfizierten Bereich unserer Service-Theke in Empfang. Diese Ma\u00dfnahmen sollen dabei helfen, dass Sie auch in Zeiten der Corona-Infektion bedenkenlos Ihr Fahrzeug bei uns in die Werkstatt bringen k\u00f6nnen.Termine k\u00f6nnen Sie unter folgender Rufnummer vereinbaren: 0371 449640 oder per Email an<\/span><br \/>\n<span style=\"color: #000000;\"><a style=\"color: #000000;\" href=\"mailto:service-pichel@auto-pichel.de\">service-pichel@auto-pichel.de.<\/a><\/span><br \/>\n<span style=\"color: #000000;\">BLEIBEN SIE GESUND &#8211; Ihr Team vom FordStore Pichel Chemnitz<\/span><\/p>\n","protected":false},"excerpt":{"rendered":"<p>Mit dem Laden des Videos akzeptieren Sie die Datenschutzerkl\u00e4rung von YouTube.Mehr erfahren Video laden YouTube immer entsperren PHA+PGlmcmFtZSBzcmM9Imh0dHBzOi8vd3d3LnlvdXR1YmUtbm9jb29raWUuY29tL2VtYmVkL3hxQmhzZWtQSVA4IiB3aWR0aD0iMTI4MCIgaGVpZ2h0PSI3MjAiIGZyYW1lYm9yZGVyPSIwIiBhbGxvd2Z1bGxzY3JlZW49ImFsbG93ZnVsbHNjcmVlbiI+PC9pZnJhbWU+ Aus gegebenem Anlass: Kontaktlose Fahrzeug\u00fcbergabe jetzt jederzeit m\u00f6glich. Sehr geehrte Kunden. Ab sofort bieten wir Ihnen die M\u00f6glichkeit an, ihr Fahrzeugzeug kontaktlos bei uns abzugeben. F\u00fcr die einfache Handhabung haben wir ein kleines Video beigef\u00fcgt. Bei der<\/p>\n<div><a class=\"btn-filled btn\" href=\"https:\/\/ford-sachsen.de\/html\/page\/mobil\/chemnitz-nord\/corona\/\" title=\"Corona\">Weiterlesen<\/a><\/div>\n","protected":false},"author":1,"featured_media":0,"parent":8189,"menu_order":0,"comment_status":"closed","ping_status":"closed","template":"page-templates\/sidebar-right.php","meta":{"order-bump-settings":[],"_wpfnl_thankyou_order_overview":"on","_wpfnl_thankyou_order_details":"on","_wpfnl_thankyou_billing_details":"on","_wpfnl_thankyou_shipping_details":"on","footnotes":""},"tags":[],"class_list":["post-1036485","page","type-page","status-publish","hentry"],"_links":{"self":[{"href":"https:\/\/ford-sachsen.de\/html\/page\/wp-json\/wp\/v2\/pages\/1036485","targetHints":{"allow":["GET"]}}],"collection":[{"href":"https:\/\/ford-sachsen.de\/html\/page\/wp-json\/wp\/v2\/pages"}],"about":[{"href":"https:\/\/ford-sachsen.de\/html\/page\/wp-json\/wp\/v2\/types\/page"}],"author":[{"embeddable":true,"href":"https:\/\/ford-sachsen.de\/html\/page\/wp-json\/wp\/v2\/users\/1"}],"replies":[{"embeddable":true,"href":"https:\/\/ford-sachsen.de\/html\/page\/wp-json\/wp\/v2\/comments?post=1036485"}],"version-history":[{"count":1,"href":"https:\/\/ford-sachsen.de\/html\/page\/wp-json\/wp\/v2\/pages\/1036485\/revisions"}],"predecessor-version":[{"id":1036496,"href":"https:\/\/ford-sachsen.de\/html\/page\/wp-json\/wp\/v2\/pages\/1036485\/revisions\/1036496"}],"up":[{"embeddable":true,"href":"https:\/\/ford-sachsen.de\/html\/page\/wp-json\/wp\/v2\/pages\/8189"}],"wp:attachment":[{"href":"https:\/\/ford-sachsen.de\/html\/page\/wp-json\/wp\/v2\/media?parent=1036485"}],"wp:term":[{"taxonomy":"post_tag","embeddable":true,"href":"https:\/\/ford-sachsen.de\/html\/page\/wp-json\/wp\/v2\/tags?post=1036485"}],"curies":[{"name":"wp","href":"https:\/\/api.w.org\/{rel}","templated":true}]}}